{"id":1254,"date":"2018-12-23T05:28:22","date_gmt":"2018-12-23T05:28:22","guid":{"rendered":"https:\/\/formacionejecutiva.com.ar\/empresas\/?page_id=1254"},"modified":"2025-02-26T16:55:28","modified_gmt":"2025-02-26T16:55:28","slug":"capacitacion","status":"publish","type":"page","link":"https:\/\/formacionejecutiva.com.ar\/empresas\/capacitacion\/","title":{"rendered":"Capacitaci\u00f3n"},"content":{"rendered":"\t\t<div data-elementor-type=\"wp-post\" data-elementor-id=\"1254\" class=\"elementor elementor-1254\">\n\t\t\t\t\t\t<section class=\"elementor-section elementor-top-section elementor-element elementor-element-7d3c7a0 elementor-section-height-min-height elementor-section-boxed elementor-section-height-default elementor-section-items-middle\" data-id=\"7d3c7a0\" data-element_type=\"section\" data-settings=\"{&quot;background_background&quot;:&quot;classic&quot;}\">\n\t\t\t\t\t\t\t<div class=\"elementor-background-overlay\"><\/div>\n\t\t\t\t\t\t\t<div class=\"elementor-container elementor-column-gap-default\">\n\t\t\t\t\t<div class=\"elementor-column elementor-col-100 elementor-top-column elementor-element elementor-element-551ba37\" data-id=\"551ba37\" data-element_type=\"column\">\n\t\t\t<div class=\"elementor-widget-wrap\">\n\t\t\t\t\t\t\t<\/div>\n\t\t<\/div>\n\t\t\t\t\t<\/div>\n\t\t<\/section>\n\t\t\t\t<section class=\"elementor-section elementor-top-section elementor-element elementor-element-3671c0b elementor-section-boxed elementor-section-height-default elementor-section-height-default\" data-id=\"3671c0b\" data-element_type=\"section\">\n\t\t\t\t\t\t<div class=\"elementor-container elementor-column-gap-default\">\n\t\t\t\t\t<div class=\"elementor-column elementor-col-50 elementor-top-column elementor-element elementor-element-fa4f538\" data-id=\"fa4f538\" data-element_type=\"column\" data-settings=\"{&quot;background_background&quot;:&quot;classic&quot;}\">\n\t\t\t<div class=\"elementor-widget-wrap elementor-element-populated\">\n\t\t\t\t\t\t<div class=\"elementor-element elementor-element-6daae0b elementor-widget elementor-widget-heading\" data-id=\"6daae0b\" data-element_type=\"widget\" data-widget_type=\"heading.default\">\n\t\t\t\t<div class=\"elementor-widget-container\">\n\t\t\t<span class=\"elementor-heading-title elementor-size-default\">Capacitaci\u00f3n Empresaria<\/span>\t\t<\/div>\n\t\t\t\t<\/div>\n\t\t\t\t<div class=\"elementor-element elementor-element-4b3cb7a elementor-widget elementor-widget-heading\" data-id=\"4b3cb7a\" data-element_type=\"widget\" data-widget_type=\"heading.default\">\n\t\t\t\t<div class=\"elementor-widget-container\">\n\t\t\t<h3 class=\"elementor-heading-title elementor-size-default\">Capacitaci\u00f3n para la Acci\u00f3n\u200b<\/h3>\t\t<\/div>\n\t\t\t\t<\/div>\n\t\t\t\t<div class=\"elementor-element elementor-element-3f4800f elementor-widget elementor-widget-text-editor\" data-id=\"3f4800f\" data-element_type=\"widget\" id=\"metodologia\" data-widget_type=\"text-editor.default\">\n\t\t\t\t<div class=\"elementor-widget-container\">\n\t\t\t\t\t\t\t<p><strong>Nuestra Metodolog\u00eda<\/strong><\/p><p>Nuestro enfoque es el <strong>Blended Learning<\/strong>, metodolog\u00eda de aprendizaje h\u00edbrida que combina formaci\u00f3n presencial con recursos digitales y aprendizaje online. Su objetivo es aprovechar lo mejor de ambos mundos: la interacci\u00f3n en vivo y la flexibilidad del e-learning.<\/p><ul><li>Aprendizaje flexible: Permite a los empleados acceder a contenidos en l\u00ednea a su ritmo, combinando teor\u00eda con pr\u00e1ctica.<\/li><li>Interacci\u00f3n en vivo: Refuerza el aprendizaje con talleres y experiencias vivenciales, sesiones de coaching o actividades grupales.<\/li><li>Diversidad de formatos: Usa videos, plataformas, webinars, foros, gamificaci\u00f3n y estudios de caso.<\/li><li>Mayor retenci\u00f3n y engagement: La combinaci\u00f3n de experiencias mejora la participaci\u00f3n y efectividad de la formaci\u00f3n.<\/li><\/ul><p>El blended learning es ideal para empresas que buscan capacitar a su equipo de manera eficiente y escalable, optimizando costos y tiempos sin perder la calidad de la ense\u00f1anza.<\/p><p>La metodolog\u00eda Blended Learning se aplica a trav\u00e9s de:<\/p><ul><li>PLANES DE CAPACITACI\u00d3N<\/li><li>ACCIONES DE INTEGRACI\u00d3N<\/li><li>DESARROLLO DE CAPACIDADES ESPEC\u00cdFICAS<\/li><li>FORTALECIMIENTO DE EQUIPOS<\/li><li>PROCESOS DE FUSI\u00d3N ENTRE COMPA\u00d1\u00cdAS<\/li><li>RELACIONES INTER AREA<\/li><li>LANZAMIENTO DE NUEVOS PROYECTOS<\/li><li>PROGRAMAS DE INDUCCI\u00d3N<\/li><\/ul>\t\t\t\t\t\t<\/div>\n\t\t\t\t<\/div>\n\t\t\t\t<div class=\"elementor-element elementor-element-5f7828c elementor-widget elementor-widget-text-editor\" data-id=\"5f7828c\" data-element_type=\"widget\" data-widget_type=\"text-editor.default\">\n\t\t\t\t<div class=\"elementor-widget-container\">\n\t\t\t\t\t\t\t<p><strong>Aprendizaje Vivencial<\/strong><\/p><p>El aprendizaje vivencial en empresas es un enfoque de capacitaci\u00f3n basado en la experiencia directa y la participaci\u00f3n activa de los empleados. A diferencia de los m\u00e9todos tradicionales, este modelo se centra en el aprender haciendo, donde los participantes enfrentan situaciones reales o simuladas que los desaf\u00edan a aplicar conocimientos, resolver problemas y desarrollar habilidades clave como el liderazgo, la comunicaci\u00f3n, el trabajo en equipo y la toma de decisiones.<\/p><ul><li>Experiencia pr\u00e1ctica: Se utilizan din\u00e1micas, juegos de rol, simulaciones, outdoor training y actividades interactivas.<\/li><li>Reflexi\u00f3n y aplicaci\u00f3n: Luego de la experiencia, se analizan los aprendizajes y se trasladan al \u00e1mbito laboral.<\/li><li>Mayor impacto: Al vivir la experiencia, los conocimientos se internalizan m\u00e1s r\u00e1pido y son m\u00e1s duraderos.<\/li><\/ul><p>Este tipo de formaci\u00f3n es muy valorado porque mejora el compromiso, la motivaci\u00f3n y la efectividad del aprendizaje, generando un impacto directo en la cultura y el desempe\u00f1o organizacional.<\/p>\t\t\t\t\t\t<\/div>\n\t\t\t\t<\/div>\n\t\t\t\t<div class=\"elementor-element elementor-element-2f7e4b3 elementor-widget elementor-widget-text-editor\" data-id=\"2f7e4b3\" data-element_type=\"widget\" id=\"destinatarios\" data-widget_type=\"text-editor.default\">\n\t\t\t\t<div class=\"elementor-widget-container\">\n\t\t\t\t\t\t\t<p><strong>Destinatarios<\/strong><\/p><ul><li>L\u00edderes de empresas y organizaciones<\/li><li>Personal de gerencias<\/li><li>Equipos comerciales<\/li><li>\u00c1reas operativas<\/li><li>Sectores de producci\u00f3n<\/li><li>Equipos inter \u00e1reas<\/li><\/ul>\t\t\t\t\t\t<\/div>\n\t\t\t\t<\/div>\n\t\t\t\t<div class=\"elementor-element elementor-element-a6e1966 elementor-widget elementor-widget-text-editor\" data-id=\"a6e1966\" data-element_type=\"widget\" id=\"ejes\" data-widget_type=\"text-editor.default\">\n\t\t\t\t<div class=\"elementor-widget-container\">\n\t\t\t\t\t\t\t<p><strong>Ejes de trabajo<\/strong><\/p><p>Trabajamos sobre los ejes conceptuales conocidos como <strong>Habilidades de Conducci\u00f3n<\/strong>.<\/p><ul><li>El l\u00edder como coach de su equipo de trabajo<\/li><li>Trabajo en Equipo<\/li><li>Visi\u00f3n del negocio y orientaci\u00f3n a resultados<\/li><li>Comunicaci\u00f3n Efectiva<\/li><li>Inteligencia Emocional<\/li><li>Negociaci\u00f3n y resoluci\u00f3n de conflictos<\/li><li>Oratoria y Presentaciones Eficaces<\/li><li>Organizaci\u00f3n del Trabajo<\/li><li>Administraci\u00f3n del tiempo y gesti\u00f3n del estr\u00e9s<\/li><li>Creatividad e innovaci\u00f3n<\/li><li>Motivaci\u00f3n<\/li><li>Toma de decisiones<\/li><li>Violencia Laboral<\/li><\/ul><p>Tambi\u00e9n sobre ejes actitudinales como: Identidad. Confianza, Empowerment, sentido de pertenencia, actitud de servicio, integraci\u00f3n.<\/p>\t\t\t\t\t\t<\/div>\n\t\t\t\t<\/div>\n\t\t\t\t<div class=\"elementor-element elementor-element-95e2979 elementor-widget elementor-widget-text-editor\" data-id=\"95e2979\" data-element_type=\"widget\" id=\"workshops\" data-widget_type=\"text-editor.default\">\n\t\t\t\t<div class=\"elementor-widget-container\">\n\t\t\t\t\t\t\t<p><b>Workshops<br><\/b><span style=\"font-size: 17px; color: var( --e-global-color-text );\">Los workshops son sesiones de aprendizaje y pr\u00e1ctica activa&nbsp; e interactiva que se centra en alguno de nuestros ejes de capacitaci\u00f3n, permitiendo aprender a partir de la experiencia y la pr\u00e1ctica.<\/span><\/p>\n<p>Enterate de nuestros workshops mensuales en nuestro&nbsp;<span style=\"text-decoration: underline;\"><a style=\"font-family: Montserrat, sans-serif; background-color: #ffffff;\" href=\"https:\/\/formacionejecutiva.com.ar\/empresas\/#workshops\"><b>CALENDARIO DE WORKSHOPS.<\/b><\/a><\/span><\/p>\t\t\t\t\t\t<\/div>\n\t\t\t\t<\/div>\n\t\t\t\t<div class=\"elementor-element elementor-element-b261a99 elementor-widget elementor-widget-text-editor\" data-id=\"b261a99\" data-element_type=\"widget\" data-widget_type=\"text-editor.default\">\n\t\t\t\t<div class=\"elementor-widget-container\">\n\t\t\t\t\t\t\t<p><b>Cont\u00e1ctanos:<br><\/b><span style=\"font-size: 17px; color: var( --e-global-color-text ); font-family: var( --e-global-typography-secondary-font-family ), Sans-serif;\">Solicit\u00e1 un plan de capacitaci\u00f3n personalizado para t\u00fa empresa<br><\/span><a href=\"mailto:info@formacionejecutiva.com.ar\" style=\"font-style: normal; font-weight: 400; background-color: rgb(255, 255, 255); transition-property: all; font-family: Montserrat, sans-serif;\"><span style=\"font-weight: 700;\">info@formacionejecutiva.com.ar<\/span><\/a><\/p>\t\t\t\t\t\t<\/div>\n\t\t\t\t<\/div>\n\t\t\t\t\t<\/div>\n\t\t<\/div>\n\t\t\t\t<div class=\"elementor-column elementor-col-50 elementor-top-column elementor-element elementor-element-1ea4332\" data-id=\"1ea4332\" data-element_type=\"column\">\n\t\t\t<div class=\"elementor-widget-wrap elementor-element-populated\">\n\t\t\t\t\t\t<section class=\"elementor-section elementor-inner-section elementor-element elementor-element-610acaa elementor-section-boxed elementor-section-height-default elementor-section-height-default\" data-id=\"610acaa\" data-element_type=\"section\" data-settings=\"{&quot;background_background&quot;:&quot;classic&quot;}\">\n\t\t\t\t\t\t<div class=\"elementor-container elementor-column-gap-default\">\n\t\t\t\t\t<div class=\"elementor-column elementor-col-100 elementor-inner-column elementor-element elementor-element-6ca9762\" data-id=\"6ca9762\" data-element_type=\"column\">\n\t\t\t<div class=\"elementor-widget-wrap elementor-element-populated\">\n\t\t\t\t\t\t<div class=\"elementor-element elementor-element-ddd647a elementor-widget elementor-widget-heading\" data-id=\"ddd647a\" data-element_type=\"widget\" data-widget_type=\"heading.default\">\n\t\t\t\t<div class=\"elementor-widget-container\">\n\t\t\t<h2 class=\"elementor-heading-title elementor-size-default\">Cont\u00e1ctanos<\/h2>\t\t<\/div>\n\t\t\t\t<\/div>\n\t\t\t\t<div class=\"elementor-element elementor-element-48276ff elementor-widget elementor-widget-text-editor\" data-id=\"48276ff\" data-element_type=\"widget\" data-widget_type=\"text-editor.default\">\n\t\t\t\t<div class=\"elementor-widget-container\">\n\t\t\t\t\t\t\t\u00bfTen\u00e9s alguna duda? env\u00edanos un mensaje.\t\t\t\t\t\t<\/div>\n\t\t\t\t<\/div>\n\t\t\t\t<div class=\"elementor-element elementor-element-9512384 elementor-align-center elementor-widget elementor-widget-button\" data-id=\"9512384\" data-element_type=\"widget\" data-widget_type=\"button.default\">\n\t\t\t\t<div class=\"elementor-widget-container\">\n\t\t\t\t\t<div class=\"elementor-button-wrapper\">\n\t\t\t<a class=\"elementor-button elementor-button-link elementor-size-sm\" href=\"https:\/\/formacionejecutiva.com.ar\/empresas\/contacto\/\">\n\t\t\t\t\t\t<span class=\"elementor-button-content-wrapper\">\n\t\t\t\t\t\t<span class=\"elementor-button-icon\">\n\t\t\t\t<svg aria-hidden=\"true\" class=\"e-font-icon-svg e-far-envelope\" viewBox=\"0 0 512 512\" xmlns=\"http:\/\/www.w3.org\/2000\/svg\"><path d=\"M464 64H48C21.49 64 0 85.49 0 112v288c0 26.51 21.49 48 48 48h416c26.51 0 48-21.49 48-48V112c0-26.51-21.49-48-48-48zm0 48v40.805c-22.422 18.259-58.168 46.651-134.587 106.49-16.841 13.247-50.201 45.072-73.413 44.701-23.208.375-56.579-31.459-73.413-44.701C106.18 199.465 70.425 171.067 48 152.805V112h416zM48 400V214.398c22.914 18.251 55.409 43.862 104.938 82.646 21.857 17.205 60.134 55.186 103.062 54.955 42.717.231 80.509-37.199 103.053-54.947 49.528-38.783 82.032-64.401 104.947-82.653V400H48z\"><\/path><\/svg>\t\t\t<\/span>\n\t\t\t\t\t\t\t\t\t<span class=\"elementor-button-text\">Clic aqu\u00ed<\/span>\n\t\t\t\t\t<\/span>\n\t\t\t\t\t<\/a>\n\t\t<\/div>\n\t\t\t\t<\/div>\n\t\t\t\t<\/div>\n\t\t\t\t\t<\/div>\n\t\t<\/div>\n\t\t\t\t\t<\/div>\n\t\t<\/section>\n\t\t\t\t\t<\/div>\n\t\t<\/div>\n\t\t\t\t\t<\/div>\n\t\t<\/section>\n\t\t\t\t<\/div>\n\t\t","protected":false},"excerpt":{"rendered":"<p>Capacitaci\u00f3n Empresaria Capacitaci\u00f3n para la Acci\u00f3n\u200b Nuestra Metodolog\u00eda Nuestro enfoque es el Blended Learning, metodolog\u00eda de aprendizaje h\u00edbrida que combina formaci\u00f3n presencial con recursos digitales y aprendizaje online. Su objetivo es aprovechar lo mejor de ambos mundos: la interacci\u00f3n en vivo y la flexibilidad del e-learning. Aprendizaje flexible: Permite a los empleados acceder a contenidos [&hellip;]<\/p>\n","protected":false},"author":1,"featured_media":0,"parent":0,"menu_order":0,"comment_status":"closed","ping_status":"closed","template":"","meta":{"site-sidebar-layout":"no-sidebar","site-content-layout":"page-builder","ast-site-content-layout":"full-width-container","site-content-style":"unboxed","site-sidebar-style":"unboxed","ast-global-header-display":"","ast-banner-title-visibility":"","ast-main-header-display":"","ast-hfb-above-header-display":"","ast-hfb-below-header-display":"","ast-hfb-mobile-header-display":"","site-post-title":"disabled","ast-breadcrumbs-content":"","ast-featured-img":"disabled","footer-sml-layout":"","theme-transparent-header-meta":"","adv-header-id-meta":"","stick-header-meta":"","header-above-stick-meta":"","header-main-stick-meta":"","header-below-stick-meta":"","astra-migrate-meta-layouts":"set","ast-page-background-enabled":"default","ast-page-background-meta":{"desktop":{"background-color":"","background-image":"","background-repeat":"repeat","background-position":"center center","background-size":"auto","background-attachment":"scroll","background-type":"","background-media":"","overlay-type":"","overlay-color":"","overlay-opacity":"","overlay-gradient":""},"tablet":{"background-color":"","background-image":"","background-repeat":"repeat","background-position":"center center","background-size":"auto","background-attachment":"scroll","background-type":"","background-media":"","overlay-type":"","overlay-color":"","overlay-opacity":"","overlay-gradient":""},"mobile":{"background-color":"","background-image":"","background-repeat":"repeat","background-position":"center center","background-size":"auto","background-attachment":"scroll","background-type":"","background-media":"","overlay-type":"","overlay-color":"","overlay-opacity":"","overlay-gradient":""}},"ast-content-background-meta":{"desktop":{"background-color":"var(--ast-global-color-5)","background-image":"","background-repeat":"repeat","background-position":"center center","background-size":"auto","background-attachment":"scroll","background-type":"","background-media":"","overlay-type":"","overlay-color":"","overlay-opacity":"","overlay-gradient":""},"tablet":{"background-color":"var(--ast-global-color-5)","background-image":"","background-repeat":"repeat","background-position":"center center","background-size":"auto","background-attachment":"scroll","background-type":"","background-media":"","overlay-type":"","overlay-color":"","overlay-opacity":"","overlay-gradient":""},"mobile":{"background-color":"var(--ast-global-color-5)","background-image":"","background-repeat":"repeat","background-position":"center center","background-size":"auto","background-attachment":"scroll","background-type":"","background-media":"","overlay-type":"","overlay-color":"","overlay-opacity":"","overlay-gradient":""}},"_joinchat":[],"footnotes":""},"class_list":["post-1254","page","type-page","status-publish","hentry"],"yoast_head":"<!-- This site is optimized with the Yoast SEO plugin v23.5 - https:\/\/yoast.com\/wordpress\/plugins\/seo\/ -->\n<title>Capacitaci\u00f3n - Formaci\u00f3n Ejecutiva<\/title>\n<meta name=\"description\" content=\"Ent\u00e9rate de cu\u00e1les son los programas que pod\u00e9s realizar para obtener herramientas pr\u00e1cticas y especializarte en tem\u00e1ticas de tu inter\u00e9s.\" \/>\n<meta name=\"robots\" content=\"index, follow, max-snippet:-1, max-image-preview:large, max-video-preview:-1\" \/>\n<link rel=\"canonical\" href=\"https:\/\/formacionejecutiva.com.ar\/empresas\/capacitacion\/\" \/>\n<meta property=\"og:locale\" content=\"es_ES\" \/>\n<meta property=\"og:type\" content=\"article\" \/>\n<meta property=\"og:title\" content=\"Capacitaci\u00f3n - Formaci\u00f3n Ejecutiva\" \/>\n<meta property=\"og:description\" content=\"Ent\u00e9rate de cu\u00e1les son los programas que pod\u00e9s realizar para obtener herramientas pr\u00e1cticas y especializarte en tem\u00e1ticas de tu inter\u00e9s.\" \/>\n<meta property=\"og:url\" content=\"https:\/\/formacionejecutiva.com.ar\/empresas\/capacitacion\/\" \/>\n<meta property=\"og:site_name\" content=\"Formaci\u00f3n Ejecutiva\" \/>\n<meta property=\"article:modified_time\" content=\"2025-02-26T16:55:28+00:00\" \/>\n<meta name=\"twitter:card\" content=\"summary_large_image\" \/>\n<meta name=\"twitter:label1\" content=\"Tiempo de lectura\" \/>\n\t<meta name=\"twitter:data1\" content=\"3 minutos\" \/>\n<script type=\"application\/ld+json\" class=\"yoast-schema-graph\">{\"@context\":\"https:\/\/schema.org\",\"@graph\":[{\"@type\":\"WebPage\",\"@id\":\"https:\/\/formacionejecutiva.com.ar\/empresas\/capacitacion\/\",\"url\":\"https:\/\/formacionejecutiva.com.ar\/empresas\/capacitacion\/\",\"name\":\"Capacitaci\u00f3n - Formaci\u00f3n Ejecutiva\",\"isPartOf\":{\"@id\":\"https:\/\/formacionejecutiva.com.ar\/empresas\/#website\"},\"datePublished\":\"2018-12-23T05:28:22+00:00\",\"dateModified\":\"2025-02-26T16:55:28+00:00\",\"description\":\"Ent\u00e9rate de cu\u00e1les son los programas que pod\u00e9s realizar para obtener herramientas pr\u00e1cticas y especializarte en tem\u00e1ticas de tu inter\u00e9s.\",\"breadcrumb\":{\"@id\":\"https:\/\/formacionejecutiva.com.ar\/empresas\/capacitacion\/#breadcrumb\"},\"inLanguage\":\"es\",\"potentialAction\":[{\"@type\":\"ReadAction\",\"target\":[\"https:\/\/formacionejecutiva.com.ar\/empresas\/capacitacion\/\"]}]},{\"@type\":\"BreadcrumbList\",\"@id\":\"https:\/\/formacionejecutiva.com.ar\/empresas\/capacitacion\/#breadcrumb\",\"itemListElement\":[{\"@type\":\"ListItem\",\"position\":1,\"name\":\"Portada\",\"item\":\"https:\/\/formacionejecutiva.com.ar\/empresas\/\"},{\"@type\":\"ListItem\",\"position\":2,\"name\":\"Capacitaci\u00f3n\"}]},{\"@type\":\"WebSite\",\"@id\":\"https:\/\/formacionejecutiva.com.ar\/empresas\/#website\",\"url\":\"https:\/\/formacionejecutiva.com.ar\/empresas\/\",\"name\":\"Formaci\u00f3n Ejecutiva\",\"description\":\"Educaci\u00f3n para profesionales\",\"publisher\":{\"@id\":\"https:\/\/formacionejecutiva.com.ar\/empresas\/#organization\"},\"potentialAction\":[{\"@type\":\"SearchAction\",\"target\":{\"@type\":\"EntryPoint\",\"urlTemplate\":\"https:\/\/formacionejecutiva.com.ar\/empresas\/?s={search_term_string}\"},\"query-input\":{\"@type\":\"PropertyValueSpecification\",\"valueRequired\":true,\"valueName\":\"search_term_string\"}}],\"inLanguage\":\"es\"},{\"@type\":\"Organization\",\"@id\":\"https:\/\/formacionejecutiva.com.ar\/empresas\/#organization\",\"name\":\"Formaci\u00f3n Ejecutiva\",\"url\":\"https:\/\/formacionejecutiva.com.ar\/empresas\/\",\"logo\":{\"@type\":\"ImageObject\",\"inLanguage\":\"es\",\"@id\":\"https:\/\/formacionejecutiva.com.ar\/empresas\/#\/schema\/logo\/image\/\",\"url\":\"https:\/\/formacionejecutiva.com.ar\/empresas\/wp-content\/uploads\/2018\/12\/cropped-logo-empresas.png\",\"contentUrl\":\"https:\/\/formacionejecutiva.com.ar\/empresas\/wp-content\/uploads\/2018\/12\/cropped-logo-empresas.png\",\"width\":255,\"height\":85,\"caption\":\"Formaci\u00f3n Ejecutiva\"},\"image\":{\"@id\":\"https:\/\/formacionejecutiva.com.ar\/empresas\/#\/schema\/logo\/image\/\"}}]}<\/script>\n<!-- \/ Yoast SEO plugin. -->","yoast_head_json":{"title":"Capacitaci\u00f3n - Formaci\u00f3n Ejecutiva","description":"Ent\u00e9rate de cu\u00e1les son los programas que pod\u00e9s realizar para obtener herramientas pr\u00e1cticas y especializarte en tem\u00e1ticas de tu inter\u00e9s.","robots":{"index":"index","follow":"follow","max-snippet":"max-snippet:-1","max-image-preview":"max-image-preview:large","max-video-preview":"max-video-preview:-1"},"canonical":"https:\/\/formacionejecutiva.com.ar\/empresas\/capacitacion\/","og_locale":"es_ES","og_type":"article","og_title":"Capacitaci\u00f3n - Formaci\u00f3n Ejecutiva","og_description":"Ent\u00e9rate de cu\u00e1les son los programas que pod\u00e9s realizar para obtener herramientas pr\u00e1cticas y especializarte en tem\u00e1ticas de tu inter\u00e9s.","og_url":"https:\/\/formacionejecutiva.com.ar\/empresas\/capacitacion\/","og_site_name":"Formaci\u00f3n Ejecutiva","article_modified_time":"2025-02-26T16:55:28+00:00","twitter_card":"summary_large_image","twitter_misc":{"Tiempo de lectura":"3 minutos"},"schema":{"@context":"https:\/\/schema.org","@graph":[{"@type":"WebPage","@id":"https:\/\/formacionejecutiva.com.ar\/empresas\/capacitacion\/","url":"https:\/\/formacionejecutiva.com.ar\/empresas\/capacitacion\/","name":"Capacitaci\u00f3n - Formaci\u00f3n Ejecutiva","isPartOf":{"@id":"https:\/\/formacionejecutiva.com.ar\/empresas\/#website"},"datePublished":"2018-12-23T05:28:22+00:00","dateModified":"2025-02-26T16:55:28+00:00","description":"Ent\u00e9rate de cu\u00e1les son los programas que pod\u00e9s realizar para obtener herramientas pr\u00e1cticas y especializarte en tem\u00e1ticas de tu inter\u00e9s.","breadcrumb":{"@id":"https:\/\/formacionejecutiva.com.ar\/empresas\/capacitacion\/#breadcrumb"},"inLanguage":"es","potentialAction":[{"@type":"ReadAction","target":["https:\/\/formacionejecutiva.com.ar\/empresas\/capacitacion\/"]}]},{"@type":"BreadcrumbList","@id":"https:\/\/formacionejecutiva.com.ar\/empresas\/capacitacion\/#breadcrumb","itemListElement":[{"@type":"ListItem","position":1,"name":"Portada","item":"https:\/\/formacionejecutiva.com.ar\/empresas\/"},{"@type":"ListItem","position":2,"name":"Capacitaci\u00f3n"}]},{"@type":"WebSite","@id":"https:\/\/formacionejecutiva.com.ar\/empresas\/#website","url":"https:\/\/formacionejecutiva.com.ar\/empresas\/","name":"Formaci\u00f3n Ejecutiva","description":"Educaci\u00f3n para profesionales","publisher":{"@id":"https:\/\/formacionejecutiva.com.ar\/empresas\/#organization"},"potentialAction":[{"@type":"SearchAction","target":{"@type":"EntryPoint","urlTemplate":"https:\/\/formacionejecutiva.com.ar\/empresas\/?s={search_term_string}"},"query-input":{"@type":"PropertyValueSpecification","valueRequired":true,"valueName":"search_term_string"}}],"inLanguage":"es"},{"@type":"Organization","@id":"https:\/\/formacionejecutiva.com.ar\/empresas\/#organization","name":"Formaci\u00f3n Ejecutiva","url":"https:\/\/formacionejecutiva.com.ar\/empresas\/","logo":{"@type":"ImageObject","inLanguage":"es","@id":"https:\/\/formacionejecutiva.com.ar\/empresas\/#\/schema\/logo\/image\/","url":"https:\/\/formacionejecutiva.com.ar\/empresas\/wp-content\/uploads\/2018\/12\/cropped-logo-empresas.png","contentUrl":"https:\/\/formacionejecutiva.com.ar\/empresas\/wp-content\/uploads\/2018\/12\/cropped-logo-empresas.png","width":255,"height":85,"caption":"Formaci\u00f3n Ejecutiva"},"image":{"@id":"https:\/\/formacionejecutiva.com.ar\/empresas\/#\/schema\/logo\/image\/"}}]}},"_links":{"self":[{"href":"https:\/\/formacionejecutiva.com.ar\/empresas\/wp-json\/wp\/v2\/pages\/1254","targetHints":{"allow":["GET"]}}],"collection":[{"href":"https:\/\/formacionejecutiva.com.ar\/empresas\/wp-json\/wp\/v2\/pages"}],"about":[{"href":"https:\/\/formacionejecutiva.com.ar\/empresas\/wp-json\/wp\/v2\/types\/page"}],"author":[{"embeddable":true,"href":"https:\/\/formacionejecutiva.com.ar\/empresas\/wp-json\/wp\/v2\/users\/1"}],"replies":[{"embeddable":true,"href":"https:\/\/formacionejecutiva.com.ar\/empresas\/wp-json\/wp\/v2\/comments?post=1254"}],"version-history":[{"count":46,"href":"https:\/\/formacionejecutiva.com.ar\/empresas\/wp-json\/wp\/v2\/pages\/1254\/revisions"}],"predecessor-version":[{"id":3118,"href":"https:\/\/formacionejecutiva.com.ar\/empresas\/wp-json\/wp\/v2\/pages\/1254\/revisions\/3118"}],"wp:attachment":[{"href":"https:\/\/formacionejecutiva.com.ar\/empresas\/wp-json\/wp\/v2\/media?parent=1254"}],"curies":[{"name":"wp","href":"https:\/\/api.w.org\/{rel}","templated":true}]}}