{"id":2941,"date":"2025-02-25T15:20:05","date_gmt":"2025-02-25T15:20:05","guid":{"rendered":"https:\/\/formacionejecutiva.com.ar\/empresas\/?page_id=2941"},"modified":"2025-02-25T16:19:37","modified_gmt":"2025-02-25T16:19:37","slug":"consultoria","status":"publish","type":"page","link":"https:\/\/formacionejecutiva.com.ar\/empresas\/consultoria\/","title":{"rendered":"Consultor\u00eda"},"content":{"rendered":"\t\t<div data-elementor-type=\"wp-post\" data-elementor-id=\"2941\" class=\"elementor elementor-2941\">\n\t\t\t\t\t\t<section class=\"elementor-section elementor-top-section elementor-element elementor-element-7d3c7a0 elementor-section-height-min-height elementor-section-boxed elementor-section-height-default elementor-section-items-middle\" data-id=\"7d3c7a0\" data-element_type=\"section\" data-settings=\"{&quot;background_background&quot;:&quot;classic&quot;}\">\n\t\t\t\t\t\t\t<div class=\"elementor-background-overlay\"><\/div>\n\t\t\t\t\t\t\t<div class=\"elementor-container elementor-column-gap-default\">\n\t\t\t\t\t<div class=\"elementor-column elementor-col-100 elementor-top-column elementor-element elementor-element-551ba37\" data-id=\"551ba37\" data-element_type=\"column\">\n\t\t\t<div class=\"elementor-widget-wrap\">\n\t\t\t\t\t\t\t<\/div>\n\t\t<\/div>\n\t\t\t\t\t<\/div>\n\t\t<\/section>\n\t\t\t\t<section class=\"elementor-section elementor-top-section elementor-element elementor-element-3671c0b elementor-section-boxed elementor-section-height-default elementor-section-height-default\" data-id=\"3671c0b\" data-element_type=\"section\">\n\t\t\t\t\t\t<div class=\"elementor-container elementor-column-gap-default\">\n\t\t\t\t\t<div class=\"elementor-column elementor-col-50 elementor-top-column elementor-element elementor-element-fa4f538\" data-id=\"fa4f538\" data-element_type=\"column\" data-settings=\"{&quot;background_background&quot;:&quot;classic&quot;}\">\n\t\t\t<div class=\"elementor-widget-wrap elementor-element-populated\">\n\t\t\t\t\t\t<div class=\"elementor-element elementor-element-6daae0b elementor-widget elementor-widget-heading\" data-id=\"6daae0b\" data-element_type=\"widget\" data-widget_type=\"heading.default\">\n\t\t\t\t<div class=\"elementor-widget-container\">\n\t\t\t<span class=\"elementor-heading-title elementor-size-default\">Consultor\u00eda en Resoluci\u00f3n de Conflictos<\/span>\t\t<\/div>\n\t\t\t\t<\/div>\n\t\t\t\t<div class=\"elementor-element elementor-element-4b3cb7a elementor-widget elementor-widget-heading\" data-id=\"4b3cb7a\" data-element_type=\"widget\" data-widget_type=\"heading.default\">\n\t\t\t\t<div class=\"elementor-widget-container\">\n\t\t\t<h3 class=\"elementor-heading-title elementor-size-default\">Maximiza la productividad y supera los conflictos. Transform\u00e1 tu empresa con estrategias innovadoras y soluciones personalizadas.<\/h3>\t\t<\/div>\n\t\t\t\t<\/div>\n\t\t\t\t<div class=\"elementor-element elementor-element-3f4800f elementor-widget elementor-widget-text-editor\" data-id=\"3f4800f\" data-element_type=\"widget\" data-widget_type=\"text-editor.default\">\n\t\t\t\t<div class=\"elementor-widget-container\">\n\t\t\t\t\t\t\t<p>La consultor\u00eda en resoluci\u00f3n de conflictos en las empresas ofrecida por profesionales especializados sirve para ayudar a las organizaciones a identificar, abordar y resolver conflictos de manera efectiva.<\/p><p>Los consultores en resoluci\u00f3n de conflictos utilizamos una variedad de t\u00e9cnicas y enfoques para facilitar la comunicaci\u00f3n, mediar en disputas y desarrollar estrategias para gestionar conflictos de manera constructiva.<\/p><p>Nuestro objetivo es mejorar la din\u00e1mica y el rendimiento general de la empresa al reducir la disrupci\u00f3n causada por conflictos interpersonales o interdepartamentales.<\/p><p>Esto puede incluir la implementaci\u00f3n de programas de capacitaci\u00f3n, facilitaci\u00f3n de reuniones, mediaci\u00f3n de disputas individuales o grupales, y desarrollo de pol\u00edticas y procedimientos para manejar conflictos de manera proactiva.<\/p><p>La consultor\u00eda en resoluci\u00f3n de conflictos en las empresas busca promover un ambiente de trabajo m\u00e1s armonioso y colaborativo, lo que contribuye a la productividad y al \u00e9xito a largo plazo de la organizaci\u00f3n.<\/p><p>Las empresas quieren ser productivas pero en muchos casos no lo logran porque sus organizaciones est\u00e1n atascadas, como congeladas. Por alguna raz\u00f3n no pueden avanzar. La gente no habla de lo que le pasa y se la pasa leyendo y enviando notas sin enfrentar las situaciones. Gran parte de la responsabilidad por esa falta de comunicaci\u00f3n dentro de las organizaciones recae en ciertos l\u00edderes que creen que impidi\u00e9ndola o retaceando informaci\u00f3n a sus colegas y subordinados tienen m\u00e1s poder.<\/p><p>Las organizaciones deben entender que compartir poder da m\u00e1s poder. La mayoria de los conflictos o disputas que se producen en las organizaciones cualquiera sea su tipo involucran un desequilibrio de poder entre las partes. Esos desbalances se hacen evidentes cuando hay una diferencia marcada de dinero, de autoridad o incluso de educaci\u00f3n o experiencia.<\/p><p>Entonces en vez de usar la f\u00f3rmula tradicional ir a ver al gerente para que tercie en la disputa es preferible que los que est\u00e1n involucrados en el conflicto lo entiendan y manejen \u201c per se\u201d<\/p><p>Los pasos a tomar frente a una situaci\u00f3n conflictiva son:<\/p><ul><li>entenderlo<\/li><li>definirlo<\/li><li>administrarlo<\/li><\/ul><p>Si bien en los inicios de la mediaci\u00f3n se hac\u00eda hincapi\u00e9 en el rol central del mediador nuevos estudios demostraron que parte del \u00e9xito de estas t\u00e9cnicas consiste en que los equipos aprendan a administrar los conflictos internamente.<br \/>La idea es que tengan la habilidad para seguir administr\u00e1ndolo una vez que el mediador se haya finalizado su tarea. La mediaci\u00f3n permite incrementar la colaboraci\u00f3n y la solidaridad entre los integrantes de la compa\u00f1\u00eda. Adem\u00e1s garantiza un alt\u00edsimo nivel de cumplimiento de los acuerdos alcanzados.<\/p><ul><li><strong>Definir e implementar estrategias para la acci\u00f3n<\/strong>, que contribuyan a mejorar los niveles de productividad, eficiencia y competitividad de las organizaciones y empresas.<\/li><li><strong>Brindar recomendaciones ejecutables y pr\u00e1cticas,<\/strong> para transformar las diferentes \u00e1reas de las organizaciones y empresas en activos estrat\u00e9gicos.<\/li><li><strong>Desarrollar soluciones concretas, creativas y dise\u00f1adas \u201ca medida\u201d,<\/strong> para alinear las diferentes \u00e1reas de las organizaciones a las estrategias del negocio.<\/li><\/ul><p><strong>Nuestra metodolog\u00eda de trabajo se desarrolla en etapas y se basa en <em>Identificar<\/em> cu\u00e1l es el problema, <em>Proponer<\/em> qu\u00e9 hacer, <em>Analizar<\/em> c\u00f3mo implementarlo y <em>Evaluar<\/em> cu\u00e1les fueron los resultados.<\/strong><\/p><ol><li><strong><em>Diagn\u00f3stico<\/em><\/strong><\/li><li><strong><em>Generaci\u00f3n de Alternativas <\/em><\/strong><\/li><li><strong><em>Definiciones<\/em><\/strong><\/li><li><strong><em>Implementaci\u00f3n<\/em><\/strong><\/li><li><strong><em>Medici\u00f3n De Resultados y Seguimiento<\/em><\/strong><\/li><\/ol>\t\t\t\t\t\t<\/div>\n\t\t\t\t<\/div>\n\t\t\t\t<div class=\"elementor-element elementor-element-f37d82c elementor-widget elementor-widget-image\" data-id=\"f37d82c\" data-element_type=\"widget\" data-widget_type=\"image.default\">\n\t\t\t\t<div class=\"elementor-widget-container\">\n\t\t\t\t\t\t\t\t\t\t\t\t\t<img decoding=\"async\" src=\"https:\/\/formacionejecutiva.com.ar\/empresas\/wp-content\/uploads\/elementor\/thumbs\/resolucion-r215kzxqrvn2kmj1mwqe6dhy3haann786pnr843coo.jpg\" title=\"resolucion\" alt=\"resolucion\" loading=\"lazy\" \/>\t\t\t\t\t\t\t\t\t\t\t\t\t<\/div>\n\t\t\t\t<\/div>\n\t\t\t\t<div class=\"elementor-element elementor-element-b2b751c elementor-widget elementor-widget-text-editor\" data-id=\"b2b751c\" data-element_type=\"widget\" data-widget_type=\"text-editor.default\">\n\t\t\t\t<div class=\"elementor-widget-container\">\n\t\t\t\t\t\t\t<p>La negociaci\u00f3n es un esfuerzo de interacci\u00f3n que se realiza a fin de generar beneficios. Es un proceso por el cual las partes interesadas resuelven conflictos, acuerdan l\u00edneas de conducta, buscan ventajas individuales y\/o colectivas, procuran obtener resultados que sirvan a sus intereses mutuos. Se contempla generalmente como una forma de resoluci\u00f3n alternativa de conflictos o situaciones que impliquen acci\u00f3n multilateral.<\/p>\n<p><b>Cont\u00e1ctanos:<\/b><br><span style=\"font-size: 17px; color: var( --e-global-color-text ); font-family: var( --e-global-typography-secondary-font-family ), Sans-serif;\">Solicit\u00e1 el servicio de consultor\u00eda en resoluci\u00f3n de conflictos para t\u00fa empresa a&nbsp;<\/span><a href=\"mailto:info@formacionejecutiva.com.ar\" style=\"font-style: normal; font-weight: 400; font-family: Montserrat, sans-serif; background-color: rgb(255, 255, 255);\"><span style=\"font-weight: 700;\">info@formacionejecutiva.com.ar<\/span><\/a><\/p>\t\t\t\t\t\t<\/div>\n\t\t\t\t<\/div>\n\t\t\t\t\t<\/div>\n\t\t<\/div>\n\t\t\t\t<div class=\"elementor-column elementor-col-50 elementor-top-column elementor-element elementor-element-1ea4332\" data-id=\"1ea4332\" data-element_type=\"column\">\n\t\t\t<div class=\"elementor-widget-wrap elementor-element-populated\">\n\t\t\t\t\t\t<section class=\"elementor-section elementor-inner-section elementor-element elementor-element-610acaa elementor-section-boxed elementor-section-height-default elementor-section-height-default\" data-id=\"610acaa\" data-element_type=\"section\" data-settings=\"{&quot;background_background&quot;:&quot;classic&quot;}\">\n\t\t\t\t\t\t<div class=\"elementor-container elementor-column-gap-default\">\n\t\t\t\t\t<div class=\"elementor-column elementor-col-100 elementor-inner-column elementor-element elementor-element-6ca9762\" data-id=\"6ca9762\" data-element_type=\"column\">\n\t\t\t<div class=\"elementor-widget-wrap elementor-element-populated\">\n\t\t\t\t\t\t<div class=\"elementor-element elementor-element-ddd647a elementor-widget elementor-widget-heading\" data-id=\"ddd647a\" data-element_type=\"widget\" data-widget_type=\"heading.default\">\n\t\t\t\t<div class=\"elementor-widget-container\">\n\t\t\t<h2 class=\"elementor-heading-title elementor-size-default\">Cont\u00e1ctanos<\/h2>\t\t<\/div>\n\t\t\t\t<\/div>\n\t\t\t\t<div class=\"elementor-element elementor-element-48276ff elementor-widget elementor-widget-text-editor\" data-id=\"48276ff\" data-element_type=\"widget\" data-widget_type=\"text-editor.default\">\n\t\t\t\t<div class=\"elementor-widget-container\">\n\t\t\t\t\t\t\t\u00bfTen\u00e9s alguna duda? env\u00edanos un mensaje.\t\t\t\t\t\t<\/div>\n\t\t\t\t<\/div>\n\t\t\t\t<div class=\"elementor-element elementor-element-9512384 elementor-align-center elementor-widget elementor-widget-button\" data-id=\"9512384\" data-element_type=\"widget\" data-widget_type=\"button.default\">\n\t\t\t\t<div class=\"elementor-widget-container\">\n\t\t\t\t\t<div class=\"elementor-button-wrapper\">\n\t\t\t<a class=\"elementor-button elementor-button-link elementor-size-sm\" href=\"https:\/\/formacionejecutiva.com.ar\/empresas\/contacto\/\">\n\t\t\t\t\t\t<span class=\"elementor-button-content-wrapper\">\n\t\t\t\t\t\t<span class=\"elementor-button-icon\">\n\t\t\t\t<svg aria-hidden=\"true\" class=\"e-font-icon-svg e-far-envelope\" viewBox=\"0 0 512 512\" xmlns=\"http:\/\/www.w3.org\/2000\/svg\"><path d=\"M464 64H48C21.49 64 0 85.49 0 112v288c0 26.51 21.49 48 48 48h416c26.51 0 48-21.49 48-48V112c0-26.51-21.49-48-48-48zm0 48v40.805c-22.422 18.259-58.168 46.651-134.587 106.49-16.841 13.247-50.201 45.072-73.413 44.701-23.208.375-56.579-31.459-73.413-44.701C106.18 199.465 70.425 171.067 48 152.805V112h416zM48 400V214.398c22.914 18.251 55.409 43.862 104.938 82.646 21.857 17.205 60.134 55.186 103.062 54.955 42.717.231 80.509-37.199 103.053-54.947 49.528-38.783 82.032-64.401 104.947-82.653V400H48z\"><\/path><\/svg>\t\t\t<\/span>\n\t\t\t\t\t\t\t\t\t<span class=\"elementor-button-text\">Clic aqu\u00ed<\/span>\n\t\t\t\t\t<\/span>\n\t\t\t\t\t<\/a>\n\t\t<\/div>\n\t\t\t\t<\/div>\n\t\t\t\t<\/div>\n\t\t\t\t\t<\/div>\n\t\t<\/div>\n\t\t\t\t\t<\/div>\n\t\t<\/section>\n\t\t\t\t\t<\/div>\n\t\t<\/div>\n\t\t\t\t\t<\/div>\n\t\t<\/section>\n\t\t\t\t<\/div>\n\t\t","protected":false},"excerpt":{"rendered":"<p>Consultor\u00eda en Resoluci\u00f3n de Conflictos Maximiza la productividad y supera los conflictos. Transform\u00e1 tu empresa con estrategias innovadoras y soluciones personalizadas. La consultor\u00eda en resoluci\u00f3n de conflictos en las empresas ofrecida por profesionales especializados sirve para ayudar a las organizaciones a identificar, abordar y resolver conflictos de manera efectiva. Los consultores en resoluci\u00f3n de conflictos [&hellip;]<\/p>\n","protected":false},"author":3,"featured_media":0,"parent":0,"menu_order":0,"comment_status":"closed","ping_status":"closed","template":"","meta":{"site-sidebar-layout":"no-sidebar","site-content-layout":"page-builder","ast-site-content-layout":"full-width-container","site-content-style":"unboxed","site-sidebar-style":"unboxed","ast-global-header-display":"","ast-banner-title-visibility":"","ast-main-header-display":"","ast-hfb-above-header-display":"","ast-hfb-below-header-display":"","ast-hfb-mobile-header-display":"","site-post-title":"disabled","ast-breadcrumbs-content":"","ast-featured-img":"disabled","footer-sml-layout":"","theme-transparent-header-meta":"","adv-header-id-meta":"","stick-header-meta":"","header-above-stick-meta":"","header-main-stick-meta":"","header-below-stick-meta":"","astra-migrate-meta-layouts":"set","ast-page-background-enabled":"default","ast-page-background-meta":{"desktop":{"background-color":"","background-image":"","background-repeat":"repeat","background-position":"center center","background-size":"auto","background-attachment":"scroll","background-type":"","background-media":"","overlay-type":"","overlay-color":"","overlay-opacity":"","overlay-gradient":""},"tablet":{"background-color":"","background-image":"","background-repeat":"repeat","background-position":"center center","background-size":"auto","background-attachment":"scroll","background-type":"","background-media":"","overlay-type":"","overlay-color":"","overlay-opacity":"","overlay-gradient":""},"mobile":{"background-color":"","background-image":"","background-repeat":"repeat","background-position":"center center","background-size":"auto","background-attachment":"scroll","background-type":"","background-media":"","overlay-type":"","overlay-color":"","overlay-opacity":"","overlay-gradient":""}},"ast-content-background-meta":{"desktop":{"background-color":"var(--ast-global-color-5)","background-image":"","background-repeat":"repeat","background-position":"center center","background-size":"auto","background-attachment":"scroll","background-type":"","background-media":"","overlay-type":"","overlay-color":"","overlay-opacity":"","overlay-gradient":""},"tablet":{"background-color":"var(--ast-global-color-5)","background-image":"","background-repeat":"repeat","background-position":"center center","background-size":"auto","background-attachment":"scroll","background-type":"","background-media":"","overlay-type":"","overlay-color":"","overlay-opacity":"","overlay-gradient":""},"mobile":{"background-color":"var(--ast-global-color-5)","background-image":"","background-repeat":"repeat","background-position":"center center","background-size":"auto","background-attachment":"scroll","background-type":"","background-media":"","overlay-type":"","overlay-color":"","overlay-opacity":"","overlay-gradient":""}},"_joinchat":[],"footnotes":""},"class_list":["post-2941","page","type-page","status-publish","hentry"],"yoast_head":"<!-- This site is optimized with the Yoast SEO plugin v23.5 - https:\/\/yoast.com\/wordpress\/plugins\/seo\/ -->\n<title>Consultor\u00eda - Formaci\u00f3n Ejecutiva<\/title>\n<meta name=\"description\" content=\"Ent\u00e9rate de cu\u00e1les son los programas que pod\u00e9s realizar para obtener herramientas pr\u00e1cticas y especializarte en tem\u00e1ticas de tu inter\u00e9s.\" \/>\n<meta name=\"robots\" content=\"index, follow, max-snippet:-1, max-image-preview:large, max-video-preview:-1\" \/>\n<link rel=\"canonical\" href=\"https:\/\/formacionejecutiva.com.ar\/empresas\/consultoria\/\" \/>\n<meta property=\"og:locale\" content=\"es_ES\" \/>\n<meta property=\"og:type\" content=\"article\" \/>\n<meta property=\"og:title\" content=\"Consultor\u00eda - Formaci\u00f3n Ejecutiva\" \/>\n<meta property=\"og:description\" content=\"Ent\u00e9rate de cu\u00e1les son los programas que pod\u00e9s realizar para obtener herramientas pr\u00e1cticas y especializarte en tem\u00e1ticas de tu inter\u00e9s.\" \/>\n<meta property=\"og:url\" content=\"https:\/\/formacionejecutiva.com.ar\/empresas\/consultoria\/\" \/>\n<meta property=\"og:site_name\" content=\"Formaci\u00f3n Ejecutiva\" \/>\n<meta property=\"article:modified_time\" content=\"2025-02-25T16:19:37+00:00\" \/>\n<meta property=\"og:image\" content=\"https:\/\/formacionejecutiva.com.ar\/empresas\/wp-content\/uploads\/elementor\/thumbs\/resolucion-r215kzxqrvn2kmj1mwqe6dhy3haann786pnr843coy.jpg\" \/>\n<meta name=\"twitter:card\" content=\"summary_large_image\" \/>\n<meta name=\"twitter:label1\" content=\"Tiempo de lectura\" \/>\n\t<meta name=\"twitter:data1\" content=\"4 minutos\" \/>\n<script type=\"application\/ld+json\" class=\"yoast-schema-graph\">{\"@context\":\"https:\/\/schema.org\",\"@graph\":[{\"@type\":\"WebPage\",\"@id\":\"https:\/\/formacionejecutiva.com.ar\/empresas\/consultoria\/\",\"url\":\"https:\/\/formacionejecutiva.com.ar\/empresas\/consultoria\/\",\"name\":\"Consultor\u00eda - Formaci\u00f3n Ejecutiva\",\"isPartOf\":{\"@id\":\"https:\/\/formacionejecutiva.com.ar\/empresas\/#website\"},\"primaryImageOfPage\":{\"@id\":\"https:\/\/formacionejecutiva.com.ar\/empresas\/consultoria\/#primaryimage\"},\"image\":{\"@id\":\"https:\/\/formacionejecutiva.com.ar\/empresas\/consultoria\/#primaryimage\"},\"thumbnailUrl\":\"https:\/\/formacionejecutiva.com.ar\/empresas\/wp-content\/uploads\/elementor\/thumbs\/resolucion-r215kzxqrvn2kmj1mwqe6dhy3haann786pnr843coy.jpg\",\"datePublished\":\"2025-02-25T15:20:05+00:00\",\"dateModified\":\"2025-02-25T16:19:37+00:00\",\"description\":\"Ent\u00e9rate de cu\u00e1les son los programas que pod\u00e9s realizar para obtener herramientas pr\u00e1cticas y especializarte en tem\u00e1ticas de tu inter\u00e9s.\",\"breadcrumb\":{\"@id\":\"https:\/\/formacionejecutiva.com.ar\/empresas\/consultoria\/#breadcrumb\"},\"inLanguage\":\"es\",\"potentialAction\":[{\"@type\":\"ReadAction\",\"target\":[\"https:\/\/formacionejecutiva.com.ar\/empresas\/consultoria\/\"]}]},{\"@type\":\"ImageObject\",\"inLanguage\":\"es\",\"@id\":\"https:\/\/formacionejecutiva.com.ar\/empresas\/consultoria\/#primaryimage\",\"url\":\"https:\/\/formacionejecutiva.com.ar\/empresas\/wp-content\/uploads\/elementor\/thumbs\/resolucion-r215kzxqrvn2kmj1mwqe6dhy3haann786pnr843coy.jpg\",\"contentUrl\":\"https:\/\/formacionejecutiva.com.ar\/empresas\/wp-content\/uploads\/elementor\/thumbs\/resolucion-r215kzxqrvn2kmj1mwqe6dhy3haann786pnr843coy.jpg\"},{\"@type\":\"BreadcrumbList\",\"@id\":\"https:\/\/formacionejecutiva.com.ar\/empresas\/consultoria\/#breadcrumb\",\"itemListElement\":[{\"@type\":\"ListItem\",\"position\":1,\"name\":\"Portada\",\"item\":\"https:\/\/formacionejecutiva.com.ar\/empresas\/\"},{\"@type\":\"ListItem\",\"position\":2,\"name\":\"Consultor\u00eda\"}]},{\"@type\":\"WebSite\",\"@id\":\"https:\/\/formacionejecutiva.com.ar\/empresas\/#website\",\"url\":\"https:\/\/formacionejecutiva.com.ar\/empresas\/\",\"name\":\"Formaci\u00f3n Ejecutiva\",\"description\":\"Educaci\u00f3n para profesionales\",\"publisher\":{\"@id\":\"https:\/\/formacionejecutiva.com.ar\/empresas\/#organization\"},\"potentialAction\":[{\"@type\":\"SearchAction\",\"target\":{\"@type\":\"EntryPoint\",\"urlTemplate\":\"https:\/\/formacionejecutiva.com.ar\/empresas\/?s={search_term_string}\"},\"query-input\":{\"@type\":\"PropertyValueSpecification\",\"valueRequired\":true,\"valueName\":\"search_term_string\"}}],\"inLanguage\":\"es\"},{\"@type\":\"Organization\",\"@id\":\"https:\/\/formacionejecutiva.com.ar\/empresas\/#organization\",\"name\":\"Formaci\u00f3n Ejecutiva\",\"url\":\"https:\/\/formacionejecutiva.com.ar\/empresas\/\",\"logo\":{\"@type\":\"ImageObject\",\"inLanguage\":\"es\",\"@id\":\"https:\/\/formacionejecutiva.com.ar\/empresas\/#\/schema\/logo\/image\/\",\"url\":\"https:\/\/formacionejecutiva.com.ar\/empresas\/wp-content\/uploads\/2018\/12\/cropped-logo-empresas.png\",\"contentUrl\":\"https:\/\/formacionejecutiva.com.ar\/empresas\/wp-content\/uploads\/2018\/12\/cropped-logo-empresas.png\",\"width\":255,\"height\":85,\"caption\":\"Formaci\u00f3n Ejecutiva\"},\"image\":{\"@id\":\"https:\/\/formacionejecutiva.com.ar\/empresas\/#\/schema\/logo\/image\/\"}}]}<\/script>\n<!-- \/ Yoast SEO plugin. -->","yoast_head_json":{"title":"Consultor\u00eda - Formaci\u00f3n Ejecutiva","description":"Ent\u00e9rate de cu\u00e1les son los programas que pod\u00e9s realizar para obtener herramientas pr\u00e1cticas y especializarte en tem\u00e1ticas de tu inter\u00e9s.","robots":{"index":"index","follow":"follow","max-snippet":"max-snippet:-1","max-image-preview":"max-image-preview:large","max-video-preview":"max-video-preview:-1"},"canonical":"https:\/\/formacionejecutiva.com.ar\/empresas\/consultoria\/","og_locale":"es_ES","og_type":"article","og_title":"Consultor\u00eda - Formaci\u00f3n Ejecutiva","og_description":"Ent\u00e9rate de cu\u00e1les son los programas que pod\u00e9s realizar para obtener herramientas pr\u00e1cticas y especializarte en tem\u00e1ticas de tu inter\u00e9s.","og_url":"https:\/\/formacionejecutiva.com.ar\/empresas\/consultoria\/","og_site_name":"Formaci\u00f3n Ejecutiva","article_modified_time":"2025-02-25T16:19:37+00:00","og_image":[{"url":"https:\/\/formacionejecutiva.com.ar\/empresas\/wp-content\/uploads\/elementor\/thumbs\/resolucion-r215kzxqrvn2kmj1mwqe6dhy3haann786pnr843coy.jpg"}],"twitter_card":"summary_large_image","twitter_misc":{"Tiempo de lectura":"4 minutos"},"schema":{"@context":"https:\/\/schema.org","@graph":[{"@type":"WebPage","@id":"https:\/\/formacionejecutiva.com.ar\/empresas\/consultoria\/","url":"https:\/\/formacionejecutiva.com.ar\/empresas\/consultoria\/","name":"Consultor\u00eda - Formaci\u00f3n Ejecutiva","isPartOf":{"@id":"https:\/\/formacionejecutiva.com.ar\/empresas\/#website"},"primaryImageOfPage":{"@id":"https:\/\/formacionejecutiva.com.ar\/empresas\/consultoria\/#primaryimage"},"image":{"@id":"https:\/\/formacionejecutiva.com.ar\/empresas\/consultoria\/#primaryimage"},"thumbnailUrl":"https:\/\/formacionejecutiva.com.ar\/empresas\/wp-content\/uploads\/elementor\/thumbs\/resolucion-r215kzxqrvn2kmj1mwqe6dhy3haann786pnr843coy.jpg","datePublished":"2025-02-25T15:20:05+00:00","dateModified":"2025-02-25T16:19:37+00:00","description":"Ent\u00e9rate de cu\u00e1les son los programas que pod\u00e9s realizar para obtener herramientas pr\u00e1cticas y especializarte en tem\u00e1ticas de tu inter\u00e9s.","breadcrumb":{"@id":"https:\/\/formacionejecutiva.com.ar\/empresas\/consultoria\/#breadcrumb"},"inLanguage":"es","potentialAction":[{"@type":"ReadAction","target":["https:\/\/formacionejecutiva.com.ar\/empresas\/consultoria\/"]}]},{"@type":"ImageObject","inLanguage":"es","@id":"https:\/\/formacionejecutiva.com.ar\/empresas\/consultoria\/#primaryimage","url":"https:\/\/formacionejecutiva.com.ar\/empresas\/wp-content\/uploads\/elementor\/thumbs\/resolucion-r215kzxqrvn2kmj1mwqe6dhy3haann786pnr843coy.jpg","contentUrl":"https:\/\/formacionejecutiva.com.ar\/empresas\/wp-content\/uploads\/elementor\/thumbs\/resolucion-r215kzxqrvn2kmj1mwqe6dhy3haann786pnr843coy.jpg"},{"@type":"BreadcrumbList","@id":"https:\/\/formacionejecutiva.com.ar\/empresas\/consultoria\/#breadcrumb","itemListElement":[{"@type":"ListItem","position":1,"name":"Portada","item":"https:\/\/formacionejecutiva.com.ar\/empresas\/"},{"@type":"ListItem","position":2,"name":"Consultor\u00eda"}]},{"@type":"WebSite","@id":"https:\/\/formacionejecutiva.com.ar\/empresas\/#website","url":"https:\/\/formacionejecutiva.com.ar\/empresas\/","name":"Formaci\u00f3n Ejecutiva","description":"Educaci\u00f3n para profesionales","publisher":{"@id":"https:\/\/formacionejecutiva.com.ar\/empresas\/#organization"},"potentialAction":[{"@type":"SearchAction","target":{"@type":"EntryPoint","urlTemplate":"https:\/\/formacionejecutiva.com.ar\/empresas\/?s={search_term_string}"},"query-input":{"@type":"PropertyValueSpecification","valueRequired":true,"valueName":"search_term_string"}}],"inLanguage":"es"},{"@type":"Organization","@id":"https:\/\/formacionejecutiva.com.ar\/empresas\/#organization","name":"Formaci\u00f3n Ejecutiva","url":"https:\/\/formacionejecutiva.com.ar\/empresas\/","logo":{"@type":"ImageObject","inLanguage":"es","@id":"https:\/\/formacionejecutiva.com.ar\/empresas\/#\/schema\/logo\/image\/","url":"https:\/\/formacionejecutiva.com.ar\/empresas\/wp-content\/uploads\/2018\/12\/cropped-logo-empresas.png","contentUrl":"https:\/\/formacionejecutiva.com.ar\/empresas\/wp-content\/uploads\/2018\/12\/cropped-logo-empresas.png","width":255,"height":85,"caption":"Formaci\u00f3n Ejecutiva"},"image":{"@id":"https:\/\/formacionejecutiva.com.ar\/empresas\/#\/schema\/logo\/image\/"}}]}},"_links":{"self":[{"href":"https:\/\/formacionejecutiva.com.ar\/empresas\/wp-json\/wp\/v2\/pages\/2941","targetHints":{"allow":["GET"]}}],"collection":[{"href":"https:\/\/formacionejecutiva.com.ar\/empresas\/wp-json\/wp\/v2\/pages"}],"about":[{"href":"https:\/\/formacionejecutiva.com.ar\/empresas\/wp-json\/wp\/v2\/types\/page"}],"author":[{"embeddable":true,"href":"https:\/\/formacionejecutiva.com.ar\/empresas\/wp-json\/wp\/v2\/users\/3"}],"replies":[{"embeddable":true,"href":"https:\/\/formacionejecutiva.com.ar\/empresas\/wp-json\/wp\/v2\/comments?post=2941"}],"version-history":[{"count":17,"href":"https:\/\/formacionejecutiva.com.ar\/empresas\/wp-json\/wp\/v2\/pages\/2941\/revisions"}],"predecessor-version":[{"id":3072,"href":"https:\/\/formacionejecutiva.com.ar\/empresas\/wp-json\/wp\/v2\/pages\/2941\/revisions\/3072"}],"wp:attachment":[{"href":"https:\/\/formacionejecutiva.com.ar\/empresas\/wp-json\/wp\/v2\/media?parent=2941"}],"curies":[{"name":"wp","href":"https:\/\/api.w.org\/{rel}","templated":true}]}}