{"id":2946,"date":"2025-02-25T15:20:42","date_gmt":"2025-02-25T15:20:42","guid":{"rendered":"https:\/\/formacionejecutiva.com.ar\/empresas\/?page_id=2946"},"modified":"2025-12-04T19:26:47","modified_gmt":"2025-12-04T19:26:47","slug":"diplomatura-internacional-en-coaching-ontologico-y-empresarial","status":"publish","type":"page","link":"https:\/\/formacionejecutiva.com.ar\/empresas\/diplomatura-internacional-en-coaching-ontologico-y-empresarial\/","title":{"rendered":"Diplomatura internacional en coaching ontologico y empresarial"},"content":{"rendered":"\t\t<div data-elementor-type=\"wp-post\" data-elementor-id=\"2946\" class=\"elementor elementor-2946\">\n\t\t\t\t\t\t<section class=\"elementor-section elementor-top-section elementor-element elementor-element-7d3c7a0 elementor-section-height-min-height elementor-section-boxed elementor-section-height-default elementor-section-items-middle\" data-id=\"7d3c7a0\" data-element_type=\"section\" data-settings=\"{&quot;background_background&quot;:&quot;classic&quot;}\">\n\t\t\t\t\t\t\t<div class=\"elementor-background-overlay\"><\/div>\n\t\t\t\t\t\t\t<div class=\"elementor-container elementor-column-gap-default\">\n\t\t\t\t\t<div class=\"elementor-column elementor-col-100 elementor-top-column elementor-element elementor-element-551ba37\" data-id=\"551ba37\" data-element_type=\"column\">\n\t\t\t<div class=\"elementor-widget-wrap\">\n\t\t\t\t\t\t\t<\/div>\n\t\t<\/div>\n\t\t\t\t\t<\/div>\n\t\t<\/section>\n\t\t\t\t<section class=\"elementor-section elementor-top-section elementor-element elementor-element-3671c0b elementor-section-boxed elementor-section-height-default elementor-section-height-default\" data-id=\"3671c0b\" data-element_type=\"section\">\n\t\t\t\t\t\t<div class=\"elementor-container elementor-column-gap-default\">\n\t\t\t\t\t<div class=\"elementor-column elementor-col-50 elementor-top-column elementor-element elementor-element-fa4f538\" data-id=\"fa4f538\" data-element_type=\"column\" data-settings=\"{&quot;background_background&quot;:&quot;classic&quot;}\">\n\t\t\t<div class=\"elementor-widget-wrap elementor-element-populated\">\n\t\t\t\t\t\t<div class=\"elementor-element elementor-element-6daae0b elementor-widget elementor-widget-heading\" data-id=\"6daae0b\" data-element_type=\"widget\" data-widget_type=\"heading.default\">\n\t\t\t\t<div class=\"elementor-widget-container\">\n\t\t\t<h1 class=\"elementor-heading-title elementor-size-default\">Diplomatura internacional en coaching ontologico y empresarial<\/h1>\t\t<\/div>\n\t\t\t\t<\/div>\n\t\t\t\t<div class=\"elementor-element elementor-element-3f4800f elementor-widget elementor-widget-text-editor\" data-id=\"3f4800f\" data-element_type=\"widget\" data-widget_type=\"text-editor.default\">\n\t\t\t\t<div class=\"elementor-widget-container\">\n\t\t\t\t\t\t\t<p><b><u>Duraci\u00f3n<\/u><\/b>: 12 meses<br \/><b><u>Carga horaria<\/u><\/b>: 300 horas acad\u00e9micas<br \/><b><u>Modalidad<\/u><\/b>: Virtual (Clases Sincr\u00f3nicas y Asincr\u00f3nicas)<br \/><b><u>Certificaci\u00f3n<\/u><\/b>: Internacional (T\u00edtulo\u00a0 expedido con Apostilla de la Haya)<\/p><p>La presente oferta de formaci\u00f3n en Coaching tiene como prop\u00f3sito dotar al estudiante de herramientas que le permitan potenciar el talento humano en sinton\u00eda con los principios de cultura de paz, siempre dentro del marco \u00e9tico y profesional definido por la Federaci\u00f3n Internacional de Coaching (ICF). El Coaching Ontol\u00f3gico se presenta como un modelo innovador de aprendizaje y transformaci\u00f3n, surgido para responder a la necesidad de alcanzar resultados que antes parec\u00edan imposibles.\u00a0<\/p><p>A trav\u00e9s de esta disciplina, tanto individuos como equipos encuentran la posibilidad de expandir su capacidad de acci\u00f3n, generar nuevas perspectivas y elevar su desempe\u00f1o a niveles superiores. Esta formaci\u00f3n invita a imaginar los objetivos, sue\u00f1os o visiones como logros ya alcanzados, para luego identificar desde el presente qu\u00e9 acciones, herramientas y recursos son necesarios para materializarlos, generando as\u00ed un puente entre la visi\u00f3n deseada y la realidad actual.\u00a0<\/p><p>En este marco, quienes desarrollen competencias en Coaching Organizacional estar\u00e1n preparados para impulsar procesos de aprendizaje y efectividad en personas, equipos y organizaciones; aplicar herramientas del coaching en contextos tanto individuales como grupales; diagnosticar y abordar problem\u00e1ticas que obstaculizan el crecimiento; dise\u00f1ar estrategias de cambio cultural que favorezcan la transformaci\u00f3n de individuos y colectivos; integrar modelos de aprendizaje, liderazgo y management a la gesti\u00f3n diaria; y finalmente, dise\u00f1ar, construir y conducir equipos colaborativos de alto desempe\u00f1o que contribuyan de manera directa y sostenible a la mejora de los resultados organizacionales.<\/p><p><span style=\"font-size: 17px; font-weight: 400; color: var( --e-global-color-text ); font-family: var( --e-global-typography-secondary-font-family ), Sans-serif;\"><span style=\"font-weight: bold;\">Cont\u00e1ctanos<br \/><\/span><\/span><span style=\"font-size: 17px; font-style: normal; font-weight: 400; color: var( --e-global-color-text ); font-family: var( --e-global-typography-secondary-font-family ), Sans-serif;\">Si quer\u00e9s inscribirte escribinos a\u00a0<a style=\"transition-property: all;\" href=\"mailto:info@formacionejecutiva.com.ar\"><span style=\"font-weight: bold;\">info@formacionejecutiva.com.ar<\/span><\/a><\/span><\/p>\t\t\t\t\t\t<\/div>\n\t\t\t\t<\/div>\n\t\t\t\t\t<\/div>\n\t\t<\/div>\n\t\t\t\t<div class=\"elementor-column elementor-col-50 elementor-top-column elementor-element elementor-element-1ea4332\" data-id=\"1ea4332\" data-element_type=\"column\">\n\t\t\t<div class=\"elementor-widget-wrap elementor-element-populated\">\n\t\t\t\t\t\t<section class=\"elementor-section elementor-inner-section elementor-element elementor-element-610acaa elementor-section-boxed elementor-section-height-default elementor-section-height-default\" data-id=\"610acaa\" data-element_type=\"section\" data-settings=\"{&quot;background_background&quot;:&quot;classic&quot;}\">\n\t\t\t\t\t\t<div class=\"elementor-container elementor-column-gap-default\">\n\t\t\t\t\t<div class=\"elementor-column elementor-col-100 elementor-inner-column elementor-element elementor-element-6ca9762\" data-id=\"6ca9762\" data-element_type=\"column\">\n\t\t\t<div class=\"elementor-widget-wrap elementor-element-populated\">\n\t\t\t\t\t\t<div class=\"elementor-element elementor-element-ddd647a elementor-widget elementor-widget-heading\" data-id=\"ddd647a\" data-element_type=\"widget\" data-widget_type=\"heading.default\">\n\t\t\t\t<div class=\"elementor-widget-container\">\n\t\t\t<h2 class=\"elementor-heading-title elementor-size-default\">Cont\u00e1ctanos<\/h2>\t\t<\/div>\n\t\t\t\t<\/div>\n\t\t\t\t<div class=\"elementor-element elementor-element-48276ff elementor-widget elementor-widget-text-editor\" data-id=\"48276ff\" data-element_type=\"widget\" data-widget_type=\"text-editor.default\">\n\t\t\t\t<div class=\"elementor-widget-container\">\n\t\t\t\t\t\t\t<p>\u00bfTen\u00e9s alguna duda? env\u00edanos un mensaje.<\/p>\t\t\t\t\t\t<\/div>\n\t\t\t\t<\/div>\n\t\t\t\t<div class=\"elementor-element elementor-element-9512384 elementor-align-center elementor-widget elementor-widget-button\" data-id=\"9512384\" data-element_type=\"widget\" data-widget_type=\"button.default\">\n\t\t\t\t<div class=\"elementor-widget-container\">\n\t\t\t\t\t<div class=\"elementor-button-wrapper\">\n\t\t\t<a class=\"elementor-button elementor-button-link elementor-size-sm\" href=\"https:\/\/formacionejecutiva.com.ar\/empresas\/contacto\/\">\n\t\t\t\t\t\t<span class=\"elementor-button-content-wrapper\">\n\t\t\t\t\t\t<span class=\"elementor-button-icon\">\n\t\t\t\t<svg aria-hidden=\"true\" class=\"e-font-icon-svg e-far-envelope\" viewBox=\"0 0 512 512\" xmlns=\"http:\/\/www.w3.org\/2000\/svg\"><path d=\"M464 64H48C21.49 64 0 85.49 0 112v288c0 26.51 21.49 48 48 48h416c26.51 0 48-21.49 48-48V112c0-26.51-21.49-48-48-48zm0 48v40.805c-22.422 18.259-58.168 46.651-134.587 106.49-16.841 13.247-50.201 45.072-73.413 44.701-23.208.375-56.579-31.459-73.413-44.701C106.18 199.465 70.425 171.067 48 152.805V112h416zM48 400V214.398c22.914 18.251 55.409 43.862 104.938 82.646 21.857 17.205 60.134 55.186 103.062 54.955 42.717.231 80.509-37.199 103.053-54.947 49.528-38.783 82.032-64.401 104.947-82.653V400H48z\"><\/path><\/svg>\t\t\t<\/span>\n\t\t\t\t\t\t\t\t\t<span class=\"elementor-button-text\">Clic aqu\u00ed<\/span>\n\t\t\t\t\t<\/span>\n\t\t\t\t\t<\/a>\n\t\t<\/div>\n\t\t\t\t<\/div>\n\t\t\t\t<\/div>\n\t\t\t\t\t<\/div>\n\t\t<\/div>\n\t\t\t\t\t<\/div>\n\t\t<\/section>\n\t\t\t\t\t<\/div>\n\t\t<\/div>\n\t\t\t\t\t<\/div>\n\t\t<\/section>\n\t\t\t\t<\/div>\n\t\t","protected":false},"excerpt":{"rendered":"<p>Diplomatura internacional en coaching ontologico y empresarial Duraci\u00f3n: 12 mesesCarga horaria: 300 horas acad\u00e9micasModalidad: Virtual (Clases Sincr\u00f3nicas y Asincr\u00f3nicas)Certificaci\u00f3n: Internacional (T\u00edtulo\u00a0 expedido con Apostilla de la Haya) La presente oferta de formaci\u00f3n en Coaching tiene como prop\u00f3sito dotar al estudiante de herramientas que le permitan potenciar el talento humano en sinton\u00eda con los principios de [&hellip;]<\/p>\n","protected":false},"author":3,"featured_media":0,"parent":0,"menu_order":0,"comment_status":"closed","ping_status":"closed","template":"","meta":{"site-sidebar-layout":"no-sidebar","site-content-layout":"page-builder","ast-site-content-layout":"full-width-container","site-content-style":"unboxed","site-sidebar-style":"unboxed","ast-global-header-display":"","ast-banner-title-visibility":"","ast-main-header-display":"","ast-hfb-above-header-display":"","ast-hfb-below-header-display":"","ast-hfb-mobile-header-display":"","site-post-title":"disabled","ast-breadcrumbs-content":"","ast-featured-img":"disabled","footer-sml-layout":"","theme-transparent-header-meta":"","adv-header-id-meta":"","stick-header-meta":"","header-above-stick-meta":"","header-main-stick-meta":"","header-below-stick-meta":"","astra-migrate-meta-layouts":"set","ast-page-background-enabled":"default","ast-page-background-meta":{"desktop":{"background-color":"","background-image":"","background-repeat":"repeat","background-position":"center center","background-size":"auto","background-attachment":"scroll","background-type":"","background-media":"","overlay-type":"","overlay-color":"","overlay-opacity":"","overlay-gradient":""},"tablet":{"background-color":"","background-image":"","background-repeat":"repeat","background-position":"center center","background-size":"auto","background-attachment":"scroll","background-type":"","background-media":"","overlay-type":"","overlay-color":"","overlay-opacity":"","overlay-gradient":""},"mobile":{"background-color":"","background-image":"","background-repeat":"repeat","background-position":"center center","background-size":"auto","background-attachment":"scroll","background-type":"","background-media":"","overlay-type":"","overlay-color":"","overlay-opacity":"","overlay-gradient":""}},"ast-content-background-meta":{"desktop":{"background-color":"var(--ast-global-color-5)","background-image":"","background-repeat":"repeat","background-position":"center center","background-size":"auto","background-attachment":"scroll","background-type":"","background-media":"","overlay-type":"","overlay-color":"","overlay-opacity":"","overlay-gradient":""},"tablet":{"background-color":"var(--ast-global-color-5)","background-image":"","background-repeat":"repeat","background-position":"center center","background-size":"auto","background-attachment":"scroll","background-type":"","background-media":"","overlay-type":"","overlay-color":"","overlay-opacity":"","overlay-gradient":""},"mobile":{"background-color":"var(--ast-global-color-5)","background-image":"","background-repeat":"repeat","background-position":"center center","background-size":"auto","background-attachment":"scroll","background-type":"","background-media":"","overlay-type":"","overlay-color":"","overlay-opacity":"","overlay-gradient":""}},"_joinchat":[],"footnotes":""},"class_list":["post-2946","page","type-page","status-publish","hentry"],"yoast_head":"<!-- This site is optimized with the Yoast SEO plugin v23.5 - https:\/\/yoast.com\/wordpress\/plugins\/seo\/ -->\n<title>Diplomatura internacional en coaching ontologico y empresarial - Formaci\u00f3n Ejecutiva<\/title>\n<meta name=\"description\" content=\"Ent\u00e9rate de cu\u00e1les son los programas que pod\u00e9s realizar para obtener herramientas pr\u00e1cticas y especializarte en tem\u00e1ticas de tu inter\u00e9s.\" \/>\n<meta name=\"robots\" content=\"index, follow, max-snippet:-1, max-image-preview:large, max-video-preview:-1\" \/>\n<link rel=\"canonical\" href=\"https:\/\/formacionejecutiva.com.ar\/empresas\/diplomatura-internacional-en-coaching-ontologico-y-empresarial\/\" \/>\n<meta property=\"og:locale\" content=\"es_ES\" \/>\n<meta property=\"og:type\" content=\"article\" \/>\n<meta property=\"og:title\" content=\"Diplomatura internacional en coaching ontologico y empresarial - Formaci\u00f3n Ejecutiva\" \/>\n<meta property=\"og:description\" content=\"Ent\u00e9rate de cu\u00e1les son los programas que pod\u00e9s realizar para obtener herramientas pr\u00e1cticas y especializarte en tem\u00e1ticas de tu inter\u00e9s.\" \/>\n<meta property=\"og:url\" content=\"https:\/\/formacionejecutiva.com.ar\/empresas\/diplomatura-internacional-en-coaching-ontologico-y-empresarial\/\" \/>\n<meta property=\"og:site_name\" content=\"Formaci\u00f3n Ejecutiva\" \/>\n<meta property=\"article:modified_time\" content=\"2025-12-04T19:26:47+00:00\" \/>\n<meta name=\"twitter:card\" content=\"summary_large_image\" \/>\n<meta name=\"twitter:label1\" content=\"Tiempo de lectura\" \/>\n\t<meta name=\"twitter:data1\" content=\"2 minutos\" \/>\n<script type=\"application\/ld+json\" class=\"yoast-schema-graph\">{\"@context\":\"https:\/\/schema.org\",\"@graph\":[{\"@type\":\"WebPage\",\"@id\":\"https:\/\/formacionejecutiva.com.ar\/empresas\/diplomatura-internacional-en-coaching-ontologico-y-empresarial\/\",\"url\":\"https:\/\/formacionejecutiva.com.ar\/empresas\/diplomatura-internacional-en-coaching-ontologico-y-empresarial\/\",\"name\":\"Diplomatura internacional en coaching ontologico y empresarial - Formaci\u00f3n Ejecutiva\",\"isPartOf\":{\"@id\":\"https:\/\/formacionejecutiva.com.ar\/empresas\/#website\"},\"datePublished\":\"2025-02-25T15:20:42+00:00\",\"dateModified\":\"2025-12-04T19:26:47+00:00\",\"description\":\"Ent\u00e9rate de cu\u00e1les son los programas que pod\u00e9s realizar para obtener herramientas pr\u00e1cticas y especializarte en tem\u00e1ticas de tu inter\u00e9s.\",\"breadcrumb\":{\"@id\":\"https:\/\/formacionejecutiva.com.ar\/empresas\/diplomatura-internacional-en-coaching-ontologico-y-empresarial\/#breadcrumb\"},\"inLanguage\":\"es\",\"potentialAction\":[{\"@type\":\"ReadAction\",\"target\":[\"https:\/\/formacionejecutiva.com.ar\/empresas\/diplomatura-internacional-en-coaching-ontologico-y-empresarial\/\"]}]},{\"@type\":\"BreadcrumbList\",\"@id\":\"https:\/\/formacionejecutiva.com.ar\/empresas\/diplomatura-internacional-en-coaching-ontologico-y-empresarial\/#breadcrumb\",\"itemListElement\":[{\"@type\":\"ListItem\",\"position\":1,\"name\":\"Portada\",\"item\":\"https:\/\/formacionejecutiva.com.ar\/empresas\/\"},{\"@type\":\"ListItem\",\"position\":2,\"name\":\"Diplomatura internacional en coaching ontologico y empresarial\"}]},{\"@type\":\"WebSite\",\"@id\":\"https:\/\/formacionejecutiva.com.ar\/empresas\/#website\",\"url\":\"https:\/\/formacionejecutiva.com.ar\/empresas\/\",\"name\":\"Formaci\u00f3n Ejecutiva\",\"description\":\"Educaci\u00f3n para profesionales\",\"publisher\":{\"@id\":\"https:\/\/formacionejecutiva.com.ar\/empresas\/#organization\"},\"potentialAction\":[{\"@type\":\"SearchAction\",\"target\":{\"@type\":\"EntryPoint\",\"urlTemplate\":\"https:\/\/formacionejecutiva.com.ar\/empresas\/?s={search_term_string}\"},\"query-input\":{\"@type\":\"PropertyValueSpecification\",\"valueRequired\":true,\"valueName\":\"search_term_string\"}}],\"inLanguage\":\"es\"},{\"@type\":\"Organization\",\"@id\":\"https:\/\/formacionejecutiva.com.ar\/empresas\/#organization\",\"name\":\"Formaci\u00f3n Ejecutiva\",\"url\":\"https:\/\/formacionejecutiva.com.ar\/empresas\/\",\"logo\":{\"@type\":\"ImageObject\",\"inLanguage\":\"es\",\"@id\":\"https:\/\/formacionejecutiva.com.ar\/empresas\/#\/schema\/logo\/image\/\",\"url\":\"https:\/\/formacionejecutiva.com.ar\/empresas\/wp-content\/uploads\/2018\/12\/cropped-logo-empresas.png\",\"contentUrl\":\"https:\/\/formacionejecutiva.com.ar\/empresas\/wp-content\/uploads\/2018\/12\/cropped-logo-empresas.png\",\"width\":255,\"height\":85,\"caption\":\"Formaci\u00f3n Ejecutiva\"},\"image\":{\"@id\":\"https:\/\/formacionejecutiva.com.ar\/empresas\/#\/schema\/logo\/image\/\"}}]}<\/script>\n<!-- \/ Yoast SEO plugin. -->","yoast_head_json":{"title":"Diplomatura internacional en coaching ontologico y empresarial - Formaci\u00f3n Ejecutiva","description":"Ent\u00e9rate de cu\u00e1les son los programas que pod\u00e9s realizar para obtener herramientas pr\u00e1cticas y especializarte en tem\u00e1ticas de tu inter\u00e9s.","robots":{"index":"index","follow":"follow","max-snippet":"max-snippet:-1","max-image-preview":"max-image-preview:large","max-video-preview":"max-video-preview:-1"},"canonical":"https:\/\/formacionejecutiva.com.ar\/empresas\/diplomatura-internacional-en-coaching-ontologico-y-empresarial\/","og_locale":"es_ES","og_type":"article","og_title":"Diplomatura internacional en coaching ontologico y empresarial - Formaci\u00f3n Ejecutiva","og_description":"Ent\u00e9rate de cu\u00e1les son los programas que pod\u00e9s realizar para obtener herramientas pr\u00e1cticas y especializarte en tem\u00e1ticas de tu inter\u00e9s.","og_url":"https:\/\/formacionejecutiva.com.ar\/empresas\/diplomatura-internacional-en-coaching-ontologico-y-empresarial\/","og_site_name":"Formaci\u00f3n Ejecutiva","article_modified_time":"2025-12-04T19:26:47+00:00","twitter_card":"summary_large_image","twitter_misc":{"Tiempo de lectura":"2 minutos"},"schema":{"@context":"https:\/\/schema.org","@graph":[{"@type":"WebPage","@id":"https:\/\/formacionejecutiva.com.ar\/empresas\/diplomatura-internacional-en-coaching-ontologico-y-empresarial\/","url":"https:\/\/formacionejecutiva.com.ar\/empresas\/diplomatura-internacional-en-coaching-ontologico-y-empresarial\/","name":"Diplomatura internacional en coaching ontologico y empresarial - Formaci\u00f3n Ejecutiva","isPartOf":{"@id":"https:\/\/formacionejecutiva.com.ar\/empresas\/#website"},"datePublished":"2025-02-25T15:20:42+00:00","dateModified":"2025-12-04T19:26:47+00:00","description":"Ent\u00e9rate de cu\u00e1les son los programas que pod\u00e9s realizar para obtener herramientas pr\u00e1cticas y especializarte en tem\u00e1ticas de tu inter\u00e9s.","breadcrumb":{"@id":"https:\/\/formacionejecutiva.com.ar\/empresas\/diplomatura-internacional-en-coaching-ontologico-y-empresarial\/#breadcrumb"},"inLanguage":"es","potentialAction":[{"@type":"ReadAction","target":["https:\/\/formacionejecutiva.com.ar\/empresas\/diplomatura-internacional-en-coaching-ontologico-y-empresarial\/"]}]},{"@type":"BreadcrumbList","@id":"https:\/\/formacionejecutiva.com.ar\/empresas\/diplomatura-internacional-en-coaching-ontologico-y-empresarial\/#breadcrumb","itemListElement":[{"@type":"ListItem","position":1,"name":"Portada","item":"https:\/\/formacionejecutiva.com.ar\/empresas\/"},{"@type":"ListItem","position":2,"name":"Diplomatura internacional en coaching ontologico y empresarial"}]},{"@type":"WebSite","@id":"https:\/\/formacionejecutiva.com.ar\/empresas\/#website","url":"https:\/\/formacionejecutiva.com.ar\/empresas\/","name":"Formaci\u00f3n Ejecutiva","description":"Educaci\u00f3n para profesionales","publisher":{"@id":"https:\/\/formacionejecutiva.com.ar\/empresas\/#organization"},"potentialAction":[{"@type":"SearchAction","target":{"@type":"EntryPoint","urlTemplate":"https:\/\/formacionejecutiva.com.ar\/empresas\/?s={search_term_string}"},"query-input":{"@type":"PropertyValueSpecification","valueRequired":true,"valueName":"search_term_string"}}],"inLanguage":"es"},{"@type":"Organization","@id":"https:\/\/formacionejecutiva.com.ar\/empresas\/#organization","name":"Formaci\u00f3n Ejecutiva","url":"https:\/\/formacionejecutiva.com.ar\/empresas\/","logo":{"@type":"ImageObject","inLanguage":"es","@id":"https:\/\/formacionejecutiva.com.ar\/empresas\/#\/schema\/logo\/image\/","url":"https:\/\/formacionejecutiva.com.ar\/empresas\/wp-content\/uploads\/2018\/12\/cropped-logo-empresas.png","contentUrl":"https:\/\/formacionejecutiva.com.ar\/empresas\/wp-content\/uploads\/2018\/12\/cropped-logo-empresas.png","width":255,"height":85,"caption":"Formaci\u00f3n Ejecutiva"},"image":{"@id":"https:\/\/formacionejecutiva.com.ar\/empresas\/#\/schema\/logo\/image\/"}}]}},"_links":{"self":[{"href":"https:\/\/formacionejecutiva.com.ar\/empresas\/wp-json\/wp\/v2\/pages\/2946","targetHints":{"allow":["GET"]}}],"collection":[{"href":"https:\/\/formacionejecutiva.com.ar\/empresas\/wp-json\/wp\/v2\/pages"}],"about":[{"href":"https:\/\/formacionejecutiva.com.ar\/empresas\/wp-json\/wp\/v2\/types\/page"}],"author":[{"embeddable":true,"href":"https:\/\/formacionejecutiva.com.ar\/empresas\/wp-json\/wp\/v2\/users\/3"}],"replies":[{"embeddable":true,"href":"https:\/\/formacionejecutiva.com.ar\/empresas\/wp-json\/wp\/v2\/comments?post=2946"}],"version-history":[{"count":23,"href":"https:\/\/formacionejecutiva.com.ar\/empresas\/wp-json\/wp\/v2\/pages\/2946\/revisions"}],"predecessor-version":[{"id":3180,"href":"https:\/\/formacionejecutiva.com.ar\/empresas\/wp-json\/wp\/v2\/pages\/2946\/revisions\/3180"}],"wp:attachment":[{"href":"https:\/\/formacionejecutiva.com.ar\/empresas\/wp-json\/wp\/v2\/media?parent=2946"}],"curies":[{"name":"wp","href":"https:\/\/api.w.org\/{rel}","templated":true}]}}