{"id":2973,"date":"2025-02-25T15:38:36","date_gmt":"2025-02-25T15:38:36","guid":{"rendered":"https:\/\/formacionejecutiva.com.ar\/empresas\/?page_id=2973"},"modified":"2025-12-04T17:17:41","modified_gmt":"2025-12-04T17:17:41","slug":"coaching-inicial-intermedio","status":"publish","type":"page","link":"https:\/\/formacionejecutiva.com.ar\/empresas\/coaching-inicial-intermedio\/","title":{"rendered":"Coaching Empresarial &#8211; Nivel Entrenamiento"},"content":{"rendered":"\t\t<div data-elementor-type=\"wp-post\" data-elementor-id=\"2973\" class=\"elementor elementor-2973\">\n\t\t\t\t\t\t<section class=\"elementor-section elementor-top-section elementor-element elementor-element-7d3c7a0 elementor-section-height-min-height elementor-section-boxed elementor-section-height-default elementor-section-items-middle\" data-id=\"7d3c7a0\" data-element_type=\"section\" data-settings=\"{&quot;background_background&quot;:&quot;classic&quot;}\">\n\t\t\t\t\t\t\t<div class=\"elementor-background-overlay\"><\/div>\n\t\t\t\t\t\t\t<div class=\"elementor-container elementor-column-gap-default\">\n\t\t\t\t\t<div class=\"elementor-column elementor-col-100 elementor-top-column elementor-element elementor-element-551ba37\" data-id=\"551ba37\" data-element_type=\"column\">\n\t\t\t<div class=\"elementor-widget-wrap\">\n\t\t\t\t\t\t\t<\/div>\n\t\t<\/div>\n\t\t\t\t\t<\/div>\n\t\t<\/section>\n\t\t\t\t<section class=\"elementor-section elementor-top-section elementor-element elementor-element-3671c0b elementor-section-boxed elementor-section-height-default elementor-section-height-default\" data-id=\"3671c0b\" data-element_type=\"section\">\n\t\t\t\t\t\t<div class=\"elementor-container elementor-column-gap-default\">\n\t\t\t\t\t<div class=\"elementor-column elementor-col-50 elementor-top-column elementor-element elementor-element-fa4f538\" data-id=\"fa4f538\" data-element_type=\"column\" data-settings=\"{&quot;background_background&quot;:&quot;classic&quot;}\">\n\t\t\t<div class=\"elementor-widget-wrap elementor-element-populated\">\n\t\t\t\t\t\t<div class=\"elementor-element elementor-element-6daae0b elementor-widget elementor-widget-heading\" data-id=\"6daae0b\" data-element_type=\"widget\" data-widget_type=\"heading.default\">\n\t\t\t\t<div class=\"elementor-widget-container\">\n\t\t\t<h1 class=\"elementor-heading-title elementor-size-default\">Formaci\u00f3n en Coaching<\/h1>\t\t<\/div>\n\t\t\t\t<\/div>\n\t\t\t\t<div class=\"elementor-element elementor-element-4b3cb7a elementor-widget elementor-widget-heading\" data-id=\"4b3cb7a\" data-element_type=\"widget\" data-widget_type=\"heading.default\">\n\t\t\t\t<div class=\"elementor-widget-container\">\n\t\t\t<h2 class=\"elementor-heading-title elementor-size-default\">NIVEL INICIAL \u2013 INTERMEDIO<\/h2>\t\t<\/div>\n\t\t\t\t<\/div>\n\t\t\t\t<div class=\"elementor-element elementor-element-a793a0b elementor-widget elementor-widget-heading\" data-id=\"a793a0b\" data-element_type=\"widget\" data-widget_type=\"heading.default\">\n\t\t\t\t<div class=\"elementor-widget-container\">\n\t\t\t<h3 class=\"elementor-heading-title elementor-size-default\">Nivel Inicial \u2013 Vivencial Transformador<\/h3>\t\t<\/div>\n\t\t\t\t<\/div>\n\t\t\t\t<div class=\"elementor-element elementor-element-3f4800f elementor-widget elementor-widget-text-editor\" data-id=\"3f4800f\" data-element_type=\"widget\" data-widget_type=\"text-editor.default\">\n\t\t\t\t<div class=\"elementor-widget-container\">\n\t\t\t\t\t\t\t<p>El <strong>Nivel Inicial<\/strong> es el primero de los cuatro niveles del programa de Formaci\u00f3n en Coaching, basado en el <strong>aprendizaje vivencial y transformacional<\/strong>.<br \/>Aprender implica salir de la zona de confort y abrirse a nuevas experiencias que promuevan cambios profundos y sostenibles.<\/p><p>Este nivel combina herramientas presenciales y virtuales (sincr\u00f3nicas y asincr\u00f3nicas) dentro de un modelo <strong>blended learning<\/strong>, integrando din\u00e1micas grupales, juegos metaf\u00f3ricos y reflexi\u00f3n personal para conectar el aprendizaje con la vida real.<\/p><p>Los participantes desarrollan habilidades comunicacionales, emocionales y relacionales a trav\u00e9s de tres etapas clave:<\/p><ol><li><strong>Hacer Activo:<\/strong> actividades pr\u00e1cticas que invitan a ser y hacer.<\/li><li><strong>Reflexi\u00f3n para la acci\u00f3n:<\/strong> an\u00e1lisis de fortalezas y oportunidades de mejora.<\/li><li><strong>Transferencia a la tarea:<\/strong> aplicaci\u00f3n de lo aprendido en contextos personales y profesionales.<\/li><\/ol><p>Durante esta experiencia, se trabajan ejes como la <strong>comunicaci\u00f3n efectiva, confianza, liderazgo, autoestima, inteligencia emocional y trabajo en equipo<\/strong>, entre otros.<br \/>Los facilitadores acompa\u00f1an el proceso promoviendo la observaci\u00f3n, la motivaci\u00f3n y la conexi\u00f3n entre la vivencia y la realidad profesional.<\/p><p>\ud83d\udcd8 <strong>Duraci\u00f3n:<\/strong> 20 horas<br \/><br \/><\/p><p><span style=\"font-size: 17px; font-style: normal; font-weight: 400; color: var( --e-global-color-text ); font-family: var( --e-global-typography-secondary-font-family ), Sans-serif;\"><span style=\"font-size: 17px; font-weight: bold;\">Cont\u00e1ctanos<br \/><\/span><\/span><span style=\"font-size: 17px; font-style: normal; font-weight: 400; color: var( --e-global-color-text ); font-family: var( --e-global-typography-secondary-font-family ), Sans-serif;\">Si quer\u00e9s inscribirte escribinos a\u00a0<a style=\"transition-property: all;\" href=\"mailto:info@formacionejecutiva.com.ar\"><span style=\"font-size: 12.5px; font-weight: bold;\">info@formacionejecutiva.com.ar<\/span><\/a><\/span><\/p>\t\t\t\t\t\t<\/div>\n\t\t\t\t<\/div>\n\t\t\t\t<div class=\"elementor-element elementor-element-fe17b6f elementor-widget elementor-widget-heading\" data-id=\"fe17b6f\" data-element_type=\"widget\" data-widget_type=\"heading.default\">\n\t\t\t\t<div class=\"elementor-widget-container\">\n\t\t\t<h3 class=\"elementor-heading-title elementor-size-default\">Nivel Intermedio \u2013 Ontol\u00f3gico<\/h3>\t\t<\/div>\n\t\t\t\t<\/div>\n\t\t\t\t<div class=\"elementor-element elementor-element-e20efa7 elementor-widget elementor-widget-text-editor\" data-id=\"e20efa7\" data-element_type=\"widget\" data-widget_type=\"text-editor.default\">\n\t\t\t\t<div class=\"elementor-widget-container\">\n\t\t\t\t\t\t\t<p>El <strong>Nivel Intermedio Ontol\u00f3gico<\/strong> es el segundo nivel del programa y propone un <strong>modelo de transformaci\u00f3n personal y profesional<\/strong>.<br \/>El <strong>Coaching Ontol\u00f3gico<\/strong> parte del principio de que nuestras acciones y resultados dependen del tipo de observador que somos: al cambiar nuestra forma de observar, transformamos nuestra manera de actuar y, con ello, nuestros resultados.<\/p><p>A trav\u00e9s del <strong>lenguaje, la corporalidad y la emocionalidad<\/strong>, los participantes aprenden a reconocer sus creencias, modelos mentales y paradigmas para redise\u00f1ar qui\u00e9nes quieren ser.<br \/>Esta etapa profundiza en el <strong>poder generativo del lenguaje<\/strong>, la <strong>escucha activa<\/strong>, las <strong>conversaciones poderosas<\/strong> y la gesti\u00f3n emocional, fortaleciendo la comunicaci\u00f3n y la efectividad en las relaciones interpersonales.<\/p><p>Los entrenadores acompa\u00f1an el proceso promoviendo la introspecci\u00f3n, el autoconocimiento y el aprendizaje aut\u00f3nomo, guiando a los participantes hacia resultados que antes parec\u00edan inalcanzables.<\/p><p>\ud83d\udcd8 <strong>Duraci\u00f3n:<\/strong> 16 horas<\/p><p><span style=\"font-size: 17px; font-weight: bold; color: var( --e-global-color-text ); font-family: var( --e-global-typography-secondary-font-family ), Sans-serif;\">Cont\u00e1ctanos<\/span><\/p><p><span style=\"font-size: 17px; font-style: normal; font-weight: 400; color: var( --e-global-color-text ); font-family: var( --e-global-typography-secondary-font-family ), Sans-serif;\">Si quer\u00e9s inscribirte escribinos a\u00a0<a style=\"transition-property: all;\" href=\"mailto:info@formacionejecutiva.com.ar\"><span style=\"font-size: 12.5px; font-weight: bold;\">info@formacionejecutiva.com.ar<\/span><\/a><\/span><\/p>\t\t\t\t\t\t<\/div>\n\t\t\t\t<\/div>\n\t\t\t\t\t<\/div>\n\t\t<\/div>\n\t\t\t\t<div class=\"elementor-column elementor-col-50 elementor-top-column elementor-element elementor-element-1ea4332\" data-id=\"1ea4332\" data-element_type=\"column\">\n\t\t\t<div class=\"elementor-widget-wrap elementor-element-populated\">\n\t\t\t\t\t\t<section class=\"elementor-section elementor-inner-section elementor-element elementor-element-610acaa elementor-section-boxed elementor-section-height-default elementor-section-height-default\" data-id=\"610acaa\" data-element_type=\"section\" data-settings=\"{&quot;background_background&quot;:&quot;classic&quot;}\">\n\t\t\t\t\t\t<div class=\"elementor-container elementor-column-gap-default\">\n\t\t\t\t\t<div class=\"elementor-column elementor-col-100 elementor-inner-column elementor-element elementor-element-6ca9762\" data-id=\"6ca9762\" data-element_type=\"column\">\n\t\t\t<div class=\"elementor-widget-wrap elementor-element-populated\">\n\t\t\t\t\t\t<div class=\"elementor-element elementor-element-ddd647a elementor-widget elementor-widget-heading\" data-id=\"ddd647a\" data-element_type=\"widget\" data-widget_type=\"heading.default\">\n\t\t\t\t<div class=\"elementor-widget-container\">\n\t\t\t<h2 class=\"elementor-heading-title elementor-size-default\">Cont\u00e1ctanos<\/h2>\t\t<\/div>\n\t\t\t\t<\/div>\n\t\t\t\t<div class=\"elementor-element elementor-element-48276ff elementor-widget elementor-widget-text-editor\" data-id=\"48276ff\" data-element_type=\"widget\" data-widget_type=\"text-editor.default\">\n\t\t\t\t<div class=\"elementor-widget-container\">\n\t\t\t\t\t\t\t<p>\u00bfTen\u00e9s alguna duda? env\u00edanos un mensaje.<\/p>\t\t\t\t\t\t<\/div>\n\t\t\t\t<\/div>\n\t\t\t\t<div class=\"elementor-element elementor-element-9512384 elementor-align-center elementor-widget elementor-widget-button\" data-id=\"9512384\" data-element_type=\"widget\" data-widget_type=\"button.default\">\n\t\t\t\t<div class=\"elementor-widget-container\">\n\t\t\t\t\t<div class=\"elementor-button-wrapper\">\n\t\t\t<a class=\"elementor-button elementor-button-link elementor-size-sm\" href=\"https:\/\/formacionejecutiva.com.ar\/empresas\/contacto\/\">\n\t\t\t\t\t\t<span class=\"elementor-button-content-wrapper\">\n\t\t\t\t\t\t<span class=\"elementor-button-icon\">\n\t\t\t\t<svg aria-hidden=\"true\" class=\"e-font-icon-svg e-far-envelope\" viewBox=\"0 0 512 512\" xmlns=\"http:\/\/www.w3.org\/2000\/svg\"><path d=\"M464 64H48C21.49 64 0 85.49 0 112v288c0 26.51 21.49 48 48 48h416c26.51 0 48-21.49 48-48V112c0-26.51-21.49-48-48-48zm0 48v40.805c-22.422 18.259-58.168 46.651-134.587 106.49-16.841 13.247-50.201 45.072-73.413 44.701-23.208.375-56.579-31.459-73.413-44.701C106.18 199.465 70.425 171.067 48 152.805V112h416zM48 400V214.398c22.914 18.251 55.409 43.862 104.938 82.646 21.857 17.205 60.134 55.186 103.062 54.955 42.717.231 80.509-37.199 103.053-54.947 49.528-38.783 82.032-64.401 104.947-82.653V400H48z\"><\/path><\/svg>\t\t\t<\/span>\n\t\t\t\t\t\t\t\t\t<span class=\"elementor-button-text\">Clic aqu\u00ed<\/span>\n\t\t\t\t\t<\/span>\n\t\t\t\t\t<\/a>\n\t\t<\/div>\n\t\t\t\t<\/div>\n\t\t\t\t<\/div>\n\t\t\t\t\t<\/div>\n\t\t<\/div>\n\t\t\t\t\t<\/div>\n\t\t<\/section>\n\t\t\t\t\t<\/div>\n\t\t<\/div>\n\t\t\t\t\t<\/div>\n\t\t<\/section>\n\t\t\t\t<\/div>\n\t\t","protected":false},"excerpt":{"rendered":"<p>Formaci\u00f3n en Coaching NIVEL INICIAL \u2013 INTERMEDIO Nivel Inicial \u2013 Vivencial Transformador El Nivel Inicial es el primero de los cuatro niveles del programa de Formaci\u00f3n en Coaching, basado en el aprendizaje vivencial y transformacional.Aprender implica salir de la zona de confort y abrirse a nuevas experiencias que promuevan cambios profundos y sostenibles. Este nivel [&hellip;]<\/p>\n","protected":false},"author":3,"featured_media":0,"parent":0,"menu_order":0,"comment_status":"closed","ping_status":"closed","template":"","meta":{"site-sidebar-layout":"no-sidebar","site-content-layout":"page-builder","ast-site-content-layout":"full-width-container","site-content-style":"unboxed","site-sidebar-style":"unboxed","ast-global-header-display":"","ast-banner-title-visibility":"","ast-main-header-display":"","ast-hfb-above-header-display":"","ast-hfb-below-header-display":"","ast-hfb-mobile-header-display":"","site-post-title":"disabled","ast-breadcrumbs-content":"","ast-featured-img":"disabled","footer-sml-layout":"","theme-transparent-header-meta":"","adv-header-id-meta":"","stick-header-meta":"","header-above-stick-meta":"","header-main-stick-meta":"","header-below-stick-meta":"","astra-migrate-meta-layouts":"set","ast-page-background-enabled":"default","ast-page-background-meta":{"desktop":{"background-color":"","background-image":"","background-repeat":"repeat","background-position":"center center","background-size":"auto","background-attachment":"scroll","background-type":"","background-media":"","overlay-type":"","overlay-color":"","overlay-opacity":"","overlay-gradient":""},"tablet":{"background-color":"","background-image":"","background-repeat":"repeat","background-position":"center center","background-size":"auto","background-attachment":"scroll","background-type":"","background-media":"","overlay-type":"","overlay-color":"","overlay-opacity":"","overlay-gradient":""},"mobile":{"background-color":"","background-image":"","background-repeat":"repeat","background-position":"center center","background-size":"auto","background-attachment":"scroll","background-type":"","background-media":"","overlay-type":"","overlay-color":"","overlay-opacity":"","overlay-gradient":""}},"ast-content-background-meta":{"desktop":{"background-color":"var(--ast-global-color-5)","background-image":"","background-repeat":"repeat","background-position":"center center","background-size":"auto","background-attachment":"scroll","background-type":"","background-media":"","overlay-type":"","overlay-color":"","overlay-opacity":"","overlay-gradient":""},"tablet":{"background-color":"var(--ast-global-color-5)","background-image":"","background-repeat":"repeat","background-position":"center center","background-size":"auto","background-attachment":"scroll","background-type":"","background-media":"","overlay-type":"","overlay-color":"","overlay-opacity":"","overlay-gradient":""},"mobile":{"background-color":"var(--ast-global-color-5)","background-image":"","background-repeat":"repeat","background-position":"center center","background-size":"auto","background-attachment":"scroll","background-type":"","background-media":"","overlay-type":"","overlay-color":"","overlay-opacity":"","overlay-gradient":""}},"_joinchat":[],"footnotes":""},"class_list":["post-2973","page","type-page","status-publish","hentry"],"yoast_head":"<!-- This site is optimized with the Yoast SEO plugin v23.5 - https:\/\/yoast.com\/wordpress\/plugins\/seo\/ -->\n<title>Coaching Empresarial - Nivel Entrenamiento - Formaci\u00f3n Ejecutiva<\/title>\n<meta name=\"description\" content=\"Ent\u00e9rate de cu\u00e1les son los programas que pod\u00e9s realizar para obtener herramientas pr\u00e1cticas y especializarte en tem\u00e1ticas de tu inter\u00e9s.\" \/>\n<meta name=\"robots\" content=\"index, follow, max-snippet:-1, max-image-preview:large, max-video-preview:-1\" \/>\n<link rel=\"canonical\" href=\"https:\/\/formacionejecutiva.com.ar\/empresas\/coaching-inicial-intermedio\/\" \/>\n<meta property=\"og:locale\" content=\"es_ES\" \/>\n<meta property=\"og:type\" content=\"article\" \/>\n<meta property=\"og:title\" content=\"Coaching Empresarial - Nivel Entrenamiento - Formaci\u00f3n Ejecutiva\" \/>\n<meta property=\"og:description\" content=\"Ent\u00e9rate de cu\u00e1les son los programas que pod\u00e9s realizar para obtener herramientas pr\u00e1cticas y especializarte en tem\u00e1ticas de tu inter\u00e9s.\" \/>\n<meta property=\"og:url\" content=\"https:\/\/formacionejecutiva.com.ar\/empresas\/coaching-inicial-intermedio\/\" \/>\n<meta property=\"og:site_name\" content=\"Formaci\u00f3n Ejecutiva\" \/>\n<meta property=\"article:modified_time\" content=\"2025-12-04T17:17:41+00:00\" \/>\n<meta name=\"twitter:card\" content=\"summary_large_image\" \/>\n<meta name=\"twitter:label1\" content=\"Tiempo de lectura\" \/>\n\t<meta name=\"twitter:data1\" content=\"2 minutos\" \/>\n<script type=\"application\/ld+json\" class=\"yoast-schema-graph\">{\"@context\":\"https:\/\/schema.org\",\"@graph\":[{\"@type\":\"WebPage\",\"@id\":\"https:\/\/formacionejecutiva.com.ar\/empresas\/coaching-inicial-intermedio\/\",\"url\":\"https:\/\/formacionejecutiva.com.ar\/empresas\/coaching-inicial-intermedio\/\",\"name\":\"Coaching Empresarial - Nivel Entrenamiento - Formaci\u00f3n Ejecutiva\",\"isPartOf\":{\"@id\":\"https:\/\/formacionejecutiva.com.ar\/empresas\/#website\"},\"datePublished\":\"2025-02-25T15:38:36+00:00\",\"dateModified\":\"2025-12-04T17:17:41+00:00\",\"description\":\"Ent\u00e9rate de cu\u00e1les son los programas que pod\u00e9s realizar para obtener herramientas pr\u00e1cticas y especializarte en tem\u00e1ticas de tu inter\u00e9s.\",\"breadcrumb\":{\"@id\":\"https:\/\/formacionejecutiva.com.ar\/empresas\/coaching-inicial-intermedio\/#breadcrumb\"},\"inLanguage\":\"es\",\"potentialAction\":[{\"@type\":\"ReadAction\",\"target\":[\"https:\/\/formacionejecutiva.com.ar\/empresas\/coaching-inicial-intermedio\/\"]}]},{\"@type\":\"BreadcrumbList\",\"@id\":\"https:\/\/formacionejecutiva.com.ar\/empresas\/coaching-inicial-intermedio\/#breadcrumb\",\"itemListElement\":[{\"@type\":\"ListItem\",\"position\":1,\"name\":\"Portada\",\"item\":\"https:\/\/formacionejecutiva.com.ar\/empresas\/\"},{\"@type\":\"ListItem\",\"position\":2,\"name\":\"Coaching Empresarial &#8211; Nivel Entrenamiento\"}]},{\"@type\":\"WebSite\",\"@id\":\"https:\/\/formacionejecutiva.com.ar\/empresas\/#website\",\"url\":\"https:\/\/formacionejecutiva.com.ar\/empresas\/\",\"name\":\"Formaci\u00f3n Ejecutiva\",\"description\":\"Educaci\u00f3n para profesionales\",\"publisher\":{\"@id\":\"https:\/\/formacionejecutiva.com.ar\/empresas\/#organization\"},\"potentialAction\":[{\"@type\":\"SearchAction\",\"target\":{\"@type\":\"EntryPoint\",\"urlTemplate\":\"https:\/\/formacionejecutiva.com.ar\/empresas\/?s={search_term_string}\"},\"query-input\":{\"@type\":\"PropertyValueSpecification\",\"valueRequired\":true,\"valueName\":\"search_term_string\"}}],\"inLanguage\":\"es\"},{\"@type\":\"Organization\",\"@id\":\"https:\/\/formacionejecutiva.com.ar\/empresas\/#organization\",\"name\":\"Formaci\u00f3n Ejecutiva\",\"url\":\"https:\/\/formacionejecutiva.com.ar\/empresas\/\",\"logo\":{\"@type\":\"ImageObject\",\"inLanguage\":\"es\",\"@id\":\"https:\/\/formacionejecutiva.com.ar\/empresas\/#\/schema\/logo\/image\/\",\"url\":\"https:\/\/formacionejecutiva.com.ar\/empresas\/wp-content\/uploads\/2018\/12\/cropped-logo-empresas.png\",\"contentUrl\":\"https:\/\/formacionejecutiva.com.ar\/empresas\/wp-content\/uploads\/2018\/12\/cropped-logo-empresas.png\",\"width\":255,\"height\":85,\"caption\":\"Formaci\u00f3n Ejecutiva\"},\"image\":{\"@id\":\"https:\/\/formacionejecutiva.com.ar\/empresas\/#\/schema\/logo\/image\/\"}}]}<\/script>\n<!-- \/ Yoast SEO plugin. -->","yoast_head_json":{"title":"Coaching Empresarial - Nivel Entrenamiento - Formaci\u00f3n Ejecutiva","description":"Ent\u00e9rate de cu\u00e1les son los programas que pod\u00e9s realizar para obtener herramientas pr\u00e1cticas y especializarte en tem\u00e1ticas de tu inter\u00e9s.","robots":{"index":"index","follow":"follow","max-snippet":"max-snippet:-1","max-image-preview":"max-image-preview:large","max-video-preview":"max-video-preview:-1"},"canonical":"https:\/\/formacionejecutiva.com.ar\/empresas\/coaching-inicial-intermedio\/","og_locale":"es_ES","og_type":"article","og_title":"Coaching Empresarial - Nivel Entrenamiento - Formaci\u00f3n Ejecutiva","og_description":"Ent\u00e9rate de cu\u00e1les son los programas que pod\u00e9s realizar para obtener herramientas pr\u00e1cticas y especializarte en tem\u00e1ticas de tu inter\u00e9s.","og_url":"https:\/\/formacionejecutiva.com.ar\/empresas\/coaching-inicial-intermedio\/","og_site_name":"Formaci\u00f3n Ejecutiva","article_modified_time":"2025-12-04T17:17:41+00:00","twitter_card":"summary_large_image","twitter_misc":{"Tiempo de lectura":"2 minutos"},"schema":{"@context":"https:\/\/schema.org","@graph":[{"@type":"WebPage","@id":"https:\/\/formacionejecutiva.com.ar\/empresas\/coaching-inicial-intermedio\/","url":"https:\/\/formacionejecutiva.com.ar\/empresas\/coaching-inicial-intermedio\/","name":"Coaching Empresarial - Nivel Entrenamiento - Formaci\u00f3n Ejecutiva","isPartOf":{"@id":"https:\/\/formacionejecutiva.com.ar\/empresas\/#website"},"datePublished":"2025-02-25T15:38:36+00:00","dateModified":"2025-12-04T17:17:41+00:00","description":"Ent\u00e9rate de cu\u00e1les son los programas que pod\u00e9s realizar para obtener herramientas pr\u00e1cticas y especializarte en tem\u00e1ticas de tu inter\u00e9s.","breadcrumb":{"@id":"https:\/\/formacionejecutiva.com.ar\/empresas\/coaching-inicial-intermedio\/#breadcrumb"},"inLanguage":"es","potentialAction":[{"@type":"ReadAction","target":["https:\/\/formacionejecutiva.com.ar\/empresas\/coaching-inicial-intermedio\/"]}]},{"@type":"BreadcrumbList","@id":"https:\/\/formacionejecutiva.com.ar\/empresas\/coaching-inicial-intermedio\/#breadcrumb","itemListElement":[{"@type":"ListItem","position":1,"name":"Portada","item":"https:\/\/formacionejecutiva.com.ar\/empresas\/"},{"@type":"ListItem","position":2,"name":"Coaching Empresarial &#8211; Nivel Entrenamiento"}]},{"@type":"WebSite","@id":"https:\/\/formacionejecutiva.com.ar\/empresas\/#website","url":"https:\/\/formacionejecutiva.com.ar\/empresas\/","name":"Formaci\u00f3n Ejecutiva","description":"Educaci\u00f3n para profesionales","publisher":{"@id":"https:\/\/formacionejecutiva.com.ar\/empresas\/#organization"},"potentialAction":[{"@type":"SearchAction","target":{"@type":"EntryPoint","urlTemplate":"https:\/\/formacionejecutiva.com.ar\/empresas\/?s={search_term_string}"},"query-input":{"@type":"PropertyValueSpecification","valueRequired":true,"valueName":"search_term_string"}}],"inLanguage":"es"},{"@type":"Organization","@id":"https:\/\/formacionejecutiva.com.ar\/empresas\/#organization","name":"Formaci\u00f3n Ejecutiva","url":"https:\/\/formacionejecutiva.com.ar\/empresas\/","logo":{"@type":"ImageObject","inLanguage":"es","@id":"https:\/\/formacionejecutiva.com.ar\/empresas\/#\/schema\/logo\/image\/","url":"https:\/\/formacionejecutiva.com.ar\/empresas\/wp-content\/uploads\/2018\/12\/cropped-logo-empresas.png","contentUrl":"https:\/\/formacionejecutiva.com.ar\/empresas\/wp-content\/uploads\/2018\/12\/cropped-logo-empresas.png","width":255,"height":85,"caption":"Formaci\u00f3n Ejecutiva"},"image":{"@id":"https:\/\/formacionejecutiva.com.ar\/empresas\/#\/schema\/logo\/image\/"}}]}},"_links":{"self":[{"href":"https:\/\/formacionejecutiva.com.ar\/empresas\/wp-json\/wp\/v2\/pages\/2973","targetHints":{"allow":["GET"]}}],"collection":[{"href":"https:\/\/formacionejecutiva.com.ar\/empresas\/wp-json\/wp\/v2\/pages"}],"about":[{"href":"https:\/\/formacionejecutiva.com.ar\/empresas\/wp-json\/wp\/v2\/types\/page"}],"author":[{"embeddable":true,"href":"https:\/\/formacionejecutiva.com.ar\/empresas\/wp-json\/wp\/v2\/users\/3"}],"replies":[{"embeddable":true,"href":"https:\/\/formacionejecutiva.com.ar\/empresas\/wp-json\/wp\/v2\/comments?post=2973"}],"version-history":[{"count":17,"href":"https:\/\/formacionejecutiva.com.ar\/empresas\/wp-json\/wp\/v2\/pages\/2973\/revisions"}],"predecessor-version":[{"id":3155,"href":"https:\/\/formacionejecutiva.com.ar\/empresas\/wp-json\/wp\/v2\/pages\/2973\/revisions\/3155"}],"wp:attachment":[{"href":"https:\/\/formacionejecutiva.com.ar\/empresas\/wp-json\/wp\/v2\/media?parent=2973"}],"curies":[{"name":"wp","href":"https:\/\/api.w.org\/{rel}","templated":true}]}}